{"id":2267,"date":"2022-12-16T13:24:42","date_gmt":"2022-12-16T12:24:42","guid":{"rendered":"https:\/\/asso-limagerie.fr\/?page_id=2267"},"modified":"2025-02-27T22:09:43","modified_gmt":"2025-02-27T21:09:43","slug":"3-0-exposition-visites-et-accueil","status":"publish","type":"page","link":"https:\/\/asso-limagerie.fr\/index.php\/3-0-exposition-visites-et-accueil\/","title":{"rendered":"3.0 &#8211; EXPOSITION &#8211; Visites et accueil"},"content":{"rendered":"\t\t<div data-elementor-type=\"wp-page\" data-elementor-id=\"2267\" class=\"elementor elementor-2267\">\n\t\t\t\t\t\t<section class=\"elementor-section elementor-top-section elementor-element elementor-element-e182254 elementor-section-boxed elementor-section-height-default elementor-section-height-default\" data-id=\"e182254\" data-element_type=\"section\">\n\t\t\t\t\t\t<div class=\"elementor-container elementor-column-gap-default\">\n\t\t\t\t\t<div class=\"elementor-column elementor-col-100 elementor-top-column elementor-element elementor-element-9b6010b\" data-id=\"9b6010b\" data-element_type=\"column\">\n\t\t\t<div class=\"elementor-widget-wrap elementor-element-populated\">\n\t\t\t\t\t\t<div class=\"elementor-element elementor-element-332642d elementor-widget elementor-widget-spacer\" data-id=\"332642d\" data-element_type=\"widget\" data-widget_type=\"spacer.default\">\n\t\t\t\t<div class=\"elementor-widget-container\">\n\t\t\t\t\t\t\t<div class=\"elementor-spacer\">\n\t\t\t<div class=\"elementor-spacer-inner\"><\/div>\n\t\t<\/div>\n\t\t\t\t\t\t<\/div>\n\t\t\t\t<\/div>\n\t\t\t\t\t<\/div>\n\t\t<\/div>\n\t\t\t\t\t<\/div>\n\t\t<\/section>\n\t\t\t\t<section class=\"elementor-section elementor-top-section elementor-element elementor-element-940f720 elementor-section-boxed elementor-section-height-default elementor-section-height-default\" data-id=\"940f720\" data-element_type=\"section\">\n\t\t\t\t\t\t<div class=\"elementor-container elementor-column-gap-default\">\n\t\t\t\t\t<div class=\"elementor-column elementor-col-100 elementor-top-column elementor-element elementor-element-01c31c6\" data-id=\"01c31c6\" data-element_type=\"column\">\n\t\t\t<div class=\"elementor-widget-wrap elementor-element-populated\">\n\t\t\t\t\t\t<div class=\"elementor-element elementor-element-e477fbe elementor-widget elementor-widget-heading\" data-id=\"e477fbe\" data-element_type=\"widget\" data-widget_type=\"heading.default\">\n\t\t\t\t<div class=\"elementor-widget-container\">\n\t\t\t\t\t<h2 class=\"elementor-heading-title elementor-size-default\">Visite group\u00e9e<\/h2>\t\t\t\t<\/div>\n\t\t\t\t<\/div>\n\t\t\t\t<div class=\"elementor-element elementor-element-8361695 elementor-widget-divider--view-line elementor-widget elementor-widget-divider\" data-id=\"8361695\" data-element_type=\"widget\" data-widget_type=\"divider.default\">\n\t\t\t\t<div class=\"elementor-widget-container\">\n\t\t\t\t\t\t\t<div class=\"elementor-divider\">\n\t\t\t<span class=\"elementor-divider-separator\">\n\t\t\t\t\t\t<\/span>\n\t\t<\/div>\n\t\t\t\t\t\t<\/div>\n\t\t\t\t<\/div>\n\t\t\t\t\t<\/div>\n\t\t<\/div>\n\t\t\t\t\t<\/div>\n\t\t<\/section>\n\t\t\t\t<section class=\"elementor-section elementor-top-section elementor-element elementor-element-9ac47a3 elementor-section-boxed elementor-section-height-default elementor-section-height-default\" data-id=\"9ac47a3\" data-element_type=\"section\">\n\t\t\t\t\t\t<div class=\"elementor-container elementor-column-gap-default\">\n\t\t\t\t\t<div class=\"elementor-column elementor-col-50 elementor-top-column elementor-element elementor-element-ea13661\" data-id=\"ea13661\" data-element_type=\"column\">\n\t\t\t<div class=\"elementor-widget-wrap elementor-element-populated\">\n\t\t\t\t\t\t<div class=\"elementor-element elementor-element-cf340e0 elementor-widget elementor-widget-heading\" data-id=\"cf340e0\" data-element_type=\"widget\" data-widget_type=\"heading.default\">\n\t\t\t\t<div class=\"elementor-widget-container\">\n\t\t\t\t\t<h2 class=\"elementor-heading-title elementor-size-default\">Les visites sont libres et gratuites du lundi au samedi aux horaires d\u2019ouverture de L\u2019imagerie. <br><br>Lieu de rencontre ouvert \u00e0 tous, L\u2019imagerie est con\u00e7ue comme un outil d\u2019\u00e9change et de sensibilisation \u00e0 la cr\u00e9ation visuelle. L\u2019accompagnement du public est bas\u00e9 sur la transmission et la compr\u00e9hension des \u0153uvres. Les rencontres \u00e9veillent le regard, d\u00e9clenchent la curiosit\u00e9 et apportent des points de rep\u00e8re.  <br><br>Les visites comment\u00e9es sont organis\u00e9es sur rendez-vous pour les scolaires, centres de loisirs, relais du champ social et m\u00e9dico-social, associations, maisons de retraite, comit\u00e9s d\u2019entreprises\u2026 Plusieurs formules de visites peuvent \u00eatre propos\u00e9es en fonction des expositions, des profils et des tranches d\u2019\u00e2ge, avec ou sans atelier.<\/h2>\t\t\t\t<\/div>\n\t\t\t\t<\/div>\n\t\t\t\t\t<\/div>\n\t\t<\/div>\n\t\t\t\t<div class=\"elementor-column elementor-col-50 elementor-top-column elementor-element elementor-element-a633a98\" data-id=\"a633a98\" data-element_type=\"column\">\n\t\t\t<div class=\"elementor-widget-wrap elementor-element-populated\">\n\t\t\t\t\t\t<div class=\"elementor-element elementor-element-24939b8 elementor-widget elementor-widget-image\" data-id=\"24939b8\" data-element_type=\"widget\" data-widget_type=\"image.default\">\n\t\t\t\t<div class=\"elementor-widget-container\">\n\t\t\t\t\t\t\t\t\t\t\t\t\t\t\t<img fetchpriority=\"high\" decoding=\"async\" width=\"1024\" height=\"593\" src=\"https:\/\/asso-limagerie.fr\/wp-content\/uploads\/2025\/02\/visite-groupee-limagerie-argenteuil-1-1024x593.jpg\" class=\"attachment-large size-large wp-image-5208\" alt=\"\" srcset=\"https:\/\/asso-limagerie.fr\/wp-content\/uploads\/2025\/02\/visite-groupee-limagerie-argenteuil-1-1024x593.jpg 1024w, https:\/\/asso-limagerie.fr\/wp-content\/uploads\/2025\/02\/visite-groupee-limagerie-argenteuil-1-300x174.jpg 300w, https:\/\/asso-limagerie.fr\/wp-content\/uploads\/2025\/02\/visite-groupee-limagerie-argenteuil-1-768x445.jpg 768w, https:\/\/asso-limagerie.fr\/wp-content\/uploads\/2025\/02\/visite-groupee-limagerie-argenteuil-1.jpg 1098w\" sizes=\"(max-width: 1024px) 100vw, 1024px\" \/>\t\t\t\t\t\t\t\t\t\t\t\t\t\t\t<\/div>\n\t\t\t\t<\/div>\n\t\t\t\t\t<\/div>\n\t\t<\/div>\n\t\t\t\t\t<\/div>\n\t\t<\/section>\n\t\t\t\t<section class=\"elementor-section elementor-top-section elementor-element elementor-element-5dc9b07 elementor-section-boxed elementor-section-height-default elementor-section-height-default\" data-id=\"5dc9b07\" data-element_type=\"section\">\n\t\t\t\t\t\t<div class=\"elementor-container elementor-column-gap-default\">\n\t\t\t\t\t<div class=\"elementor-column elementor-col-100 elementor-top-column elementor-element elementor-element-86e15f0\" data-id=\"86e15f0\" data-element_type=\"column\">\n\t\t\t<div class=\"elementor-widget-wrap elementor-element-populated\">\n\t\t\t\t\t\t<div class=\"elementor-element elementor-element-aa59fdf elementor-widget elementor-widget-spacer\" data-id=\"aa59fdf\" data-element_type=\"widget\" data-widget_type=\"spacer.default\">\n\t\t\t\t<div class=\"elementor-widget-container\">\n\t\t\t\t\t\t\t<div class=\"elementor-spacer\">\n\t\t\t<div class=\"elementor-spacer-inner\"><\/div>\n\t\t<\/div>\n\t\t\t\t\t\t<\/div>\n\t\t\t\t<\/div>\n\t\t\t\t\t<\/div>\n\t\t<\/div>\n\t\t\t\t\t<\/div>\n\t\t<\/section>\n\t\t\t\t<\/div>\n\t\t","protected":false},"excerpt":{"rendered":"<p>Visite group\u00e9e Les visites sont libres et gratuites du lundi au samedi aux horaires d\u2019ouverture de L\u2019imagerie. Lieu de rencontre ouvert \u00e0 tous, L\u2019imagerie est con\u00e7ue comme un outil d\u2019\u00e9change et de sensibilisation \u00e0 la cr\u00e9ation visuelle. L\u2019accompagnement du public est bas\u00e9 sur la transmission et la compr\u00e9hension des \u0153uvres. Les rencontres \u00e9veillent le regard, [&hellip;]<\/p>\n","protected":false},"author":1,"featured_media":0,"parent":0,"menu_order":0,"comment_status":"closed","ping_status":"closed","template":"","meta":{"site-sidebar-layout":"no-sidebar","site-content-layout":"page-builder","ast-site-content-layout":"full-width-container","site-content-style":"unboxed","site-sidebar-style":"unboxed","ast-global-header-display":"","ast-banner-title-visibility":"","ast-main-header-display":"","ast-hfb-above-header-display":"","ast-hfb-below-header-display":"","ast-hfb-mobile-header-display":"","site-post-title":"disabled","ast-breadcrumbs-content":"","ast-featured-img":"disabled","footer-sml-layout":"","theme-transparent-header-meta":"","adv-header-id-meta":"","stick-header-meta":"","header-above-stick-meta":"","header-main-stick-meta":"","header-below-stick-meta":"","astra-migrate-meta-layouts":"set","ast-page-background-enabled":"default","ast-page-background-meta":{"desktop":{"background-color":"var(--ast-global-color-4)","background-image":"","background-repeat":"repeat","background-position":"center center","background-size":"auto","background-attachment":"scroll","background-type":"","background-media":"","overlay-type":"","overlay-color":"","overlay-opacity":"","overlay-gradient":""},"tablet":{"background-color":"","background-image":"","background-repeat":"repeat","background-position":"center center","background-size":"auto","background-attachment":"scroll","background-type":"","background-media":"","overlay-type":"","overlay-color":"","overlay-opacity":"","overlay-gradient":""},"mobile":{"background-color":"","background-image":"","background-repeat":"repeat","background-position":"center center","background-size":"auto","background-attachment":"scroll","background-type":"","background-media":"","overlay-type":"","overlay-color":"","overlay-opacity":"","overlay-gradient":""}},"ast-content-background-meta":{"desktop":{"background-color":"var(--ast-global-color-5)","background-image":"","background-repeat":"repeat","background-position":"center center","background-size":"auto","background-attachment":"scroll","background-type":"","background-media":"","overlay-type":"","overlay-color":"","overlay-opacity":"","overlay-gradient":""},"tablet":{"background-color":"var(--ast-global-color-5)","background-image":"","background-repeat":"repeat","background-position":"center center","background-size":"auto","background-attachment":"scroll","background-type":"","background-media":"","overlay-type":"","overlay-color":"","overlay-opacity":"","overlay-gradient":""},"mobile":{"background-color":"var(--ast-global-color-5)","background-image":"","background-repeat":"repeat","background-position":"center center","background-size":"auto","background-attachment":"scroll","background-type":"","background-media":"","overlay-type":"","overlay-color":"","overlay-opacity":"","overlay-gradient":""}},"footnotes":""},"class_list":["post-2267","page","type-page","status-publish","hentry"],"yoast_head":"<!-- This site is optimized with the Yoast SEO plugin v26.6 - https:\/\/yoast.com\/wordpress\/plugins\/seo\/ -->\n<title>3.0 - EXPOSITION - Visites et accueil -<\/title>\n<meta name=\"robots\" content=\"index, follow, max-snippet:-1, max-image-preview:large, max-video-preview:-1\" \/>\n<link rel=\"canonical\" href=\"https:\/\/asso-limagerie.fr\/index.php\/3-0-exposition-visites-et-accueil\/\" \/>\n<meta property=\"og:locale\" content=\"fr_FR\" \/>\n<meta property=\"og:type\" content=\"article\" \/>\n<meta property=\"og:title\" content=\"3.0 - EXPOSITION - Visites et accueil -\" \/>\n<meta property=\"og:description\" content=\"Visite group\u00e9e Les visites sont libres et gratuites du lundi au samedi aux horaires d\u2019ouverture de L\u2019imagerie. Lieu de rencontre ouvert \u00e0 tous, L\u2019imagerie est con\u00e7ue comme un outil d\u2019\u00e9change et de sensibilisation \u00e0 la cr\u00e9ation visuelle. L\u2019accompagnement du public est bas\u00e9 sur la transmission et la compr\u00e9hension des \u0153uvres. Les rencontres \u00e9veillent le regard, [&hellip;]\" \/>\n<meta property=\"og:url\" content=\"https:\/\/asso-limagerie.fr\/index.php\/3-0-exposition-visites-et-accueil\/\" \/>\n<meta property=\"article:modified_time\" content=\"2025-02-27T21:09:43+00:00\" \/>\n<meta property=\"og:image\" content=\"https:\/\/asso-limagerie.fr\/wp-content\/uploads\/2025\/02\/visite-groupee-limagerie-argenteuil-1.jpg\" \/>\n\t<meta property=\"og:image:width\" content=\"1098\" \/>\n\t<meta property=\"og:image:height\" content=\"636\" \/>\n\t<meta property=\"og:image:type\" content=\"image\/jpeg\" \/>\n<meta name=\"twitter:card\" content=\"summary_large_image\" \/>\n<meta name=\"twitter:label1\" content=\"Dur\u00e9e de lecture estim\u00e9e\" \/>\n\t<meta name=\"twitter:data1\" content=\"1 minute\" \/>\n<script type=\"application\/ld+json\" class=\"yoast-schema-graph\">{\"@context\":\"https:\/\/schema.org\",\"@graph\":[{\"@type\":\"WebPage\",\"@id\":\"https:\/\/asso-limagerie.fr\/index.php\/3-0-exposition-visites-et-accueil\/\",\"url\":\"https:\/\/asso-limagerie.fr\/index.php\/3-0-exposition-visites-et-accueil\/\",\"name\":\"3.0 - EXPOSITION - Visites et accueil -\",\"isPartOf\":{\"@id\":\"https:\/\/asso-limagerie.fr\/#website\"},\"primaryImageOfPage\":{\"@id\":\"https:\/\/asso-limagerie.fr\/index.php\/3-0-exposition-visites-et-accueil\/#primaryimage\"},\"image\":{\"@id\":\"https:\/\/asso-limagerie.fr\/index.php\/3-0-exposition-visites-et-accueil\/#primaryimage\"},\"thumbnailUrl\":\"https:\/\/asso-limagerie.fr\/wp-content\/uploads\/2025\/02\/visite-groupee-limagerie-argenteuil-1-1024x593.jpg\",\"datePublished\":\"2022-12-16T12:24:42+00:00\",\"dateModified\":\"2025-02-27T21:09:43+00:00\",\"breadcrumb\":{\"@id\":\"https:\/\/asso-limagerie.fr\/index.php\/3-0-exposition-visites-et-accueil\/#breadcrumb\"},\"inLanguage\":\"fr-FR\",\"potentialAction\":[{\"@type\":\"ReadAction\",\"target\":[\"https:\/\/asso-limagerie.fr\/index.php\/3-0-exposition-visites-et-accueil\/\"]}]},{\"@type\":\"ImageObject\",\"inLanguage\":\"fr-FR\",\"@id\":\"https:\/\/asso-limagerie.fr\/index.php\/3-0-exposition-visites-et-accueil\/#primaryimage\",\"url\":\"https:\/\/asso-limagerie.fr\/wp-content\/uploads\/2025\/02\/visite-groupee-limagerie-argenteuil-1.jpg\",\"contentUrl\":\"https:\/\/asso-limagerie.fr\/wp-content\/uploads\/2025\/02\/visite-groupee-limagerie-argenteuil-1.jpg\",\"width\":1098,\"height\":636,\"caption\":\"Screenshot\"},{\"@type\":\"BreadcrumbList\",\"@id\":\"https:\/\/asso-limagerie.fr\/index.php\/3-0-exposition-visites-et-accueil\/#breadcrumb\",\"itemListElement\":[{\"@type\":\"ListItem\",\"position\":1,\"name\":\"Accueil\",\"item\":\"https:\/\/asso-limagerie.fr\/\"},{\"@type\":\"ListItem\",\"position\":2,\"name\":\"3.0 &#8211; EXPOSITION &#8211; Visites et accueil\"}]},{\"@type\":\"WebSite\",\"@id\":\"https:\/\/asso-limagerie.fr\/#website\",\"url\":\"https:\/\/asso-limagerie.fr\/\",\"name\":\"\",\"description\":\"\",\"potentialAction\":[{\"@type\":\"SearchAction\",\"target\":{\"@type\":\"EntryPoint\",\"urlTemplate\":\"https:\/\/asso-limagerie.fr\/?s={search_term_string}\"},\"query-input\":{\"@type\":\"PropertyValueSpecification\",\"valueRequired\":true,\"valueName\":\"search_term_string\"}}],\"inLanguage\":\"fr-FR\"}]}<\/script>\n<!-- \/ Yoast SEO plugin. -->","yoast_head_json":{"title":"3.0 - EXPOSITION - Visites et accueil -","robots":{"index":"index","follow":"follow","max-snippet":"max-snippet:-1","max-image-preview":"max-image-preview:large","max-video-preview":"max-video-preview:-1"},"canonical":"https:\/\/asso-limagerie.fr\/index.php\/3-0-exposition-visites-et-accueil\/","og_locale":"fr_FR","og_type":"article","og_title":"3.0 - EXPOSITION - Visites et accueil -","og_description":"Visite group\u00e9e Les visites sont libres et gratuites du lundi au samedi aux horaires d\u2019ouverture de L\u2019imagerie. Lieu de rencontre ouvert \u00e0 tous, L\u2019imagerie est con\u00e7ue comme un outil d\u2019\u00e9change et de sensibilisation \u00e0 la cr\u00e9ation visuelle. L\u2019accompagnement du public est bas\u00e9 sur la transmission et la compr\u00e9hension des \u0153uvres. Les rencontres \u00e9veillent le regard, [&hellip;]","og_url":"https:\/\/asso-limagerie.fr\/index.php\/3-0-exposition-visites-et-accueil\/","article_modified_time":"2025-02-27T21:09:43+00:00","og_image":[{"width":1098,"height":636,"url":"https:\/\/asso-limagerie.fr\/wp-content\/uploads\/2025\/02\/visite-groupee-limagerie-argenteuil-1.jpg","type":"image\/jpeg"}],"twitter_card":"summary_large_image","twitter_misc":{"Dur\u00e9e de lecture estim\u00e9e":"1 minute"},"schema":{"@context":"https:\/\/schema.org","@graph":[{"@type":"WebPage","@id":"https:\/\/asso-limagerie.fr\/index.php\/3-0-exposition-visites-et-accueil\/","url":"https:\/\/asso-limagerie.fr\/index.php\/3-0-exposition-visites-et-accueil\/","name":"3.0 - EXPOSITION - Visites et accueil -","isPartOf":{"@id":"https:\/\/asso-limagerie.fr\/#website"},"primaryImageOfPage":{"@id":"https:\/\/asso-limagerie.fr\/index.php\/3-0-exposition-visites-et-accueil\/#primaryimage"},"image":{"@id":"https:\/\/asso-limagerie.fr\/index.php\/3-0-exposition-visites-et-accueil\/#primaryimage"},"thumbnailUrl":"https:\/\/asso-limagerie.fr\/wp-content\/uploads\/2025\/02\/visite-groupee-limagerie-argenteuil-1-1024x593.jpg","datePublished":"2022-12-16T12:24:42+00:00","dateModified":"2025-02-27T21:09:43+00:00","breadcrumb":{"@id":"https:\/\/asso-limagerie.fr\/index.php\/3-0-exposition-visites-et-accueil\/#breadcrumb"},"inLanguage":"fr-FR","potentialAction":[{"@type":"ReadAction","target":["https:\/\/asso-limagerie.fr\/index.php\/3-0-exposition-visites-et-accueil\/"]}]},{"@type":"ImageObject","inLanguage":"fr-FR","@id":"https:\/\/asso-limagerie.fr\/index.php\/3-0-exposition-visites-et-accueil\/#primaryimage","url":"https:\/\/asso-limagerie.fr\/wp-content\/uploads\/2025\/02\/visite-groupee-limagerie-argenteuil-1.jpg","contentUrl":"https:\/\/asso-limagerie.fr\/wp-content\/uploads\/2025\/02\/visite-groupee-limagerie-argenteuil-1.jpg","width":1098,"height":636,"caption":"Screenshot"},{"@type":"BreadcrumbList","@id":"https:\/\/asso-limagerie.fr\/index.php\/3-0-exposition-visites-et-accueil\/#breadcrumb","itemListElement":[{"@type":"ListItem","position":1,"name":"Accueil","item":"https:\/\/asso-limagerie.fr\/"},{"@type":"ListItem","position":2,"name":"3.0 &#8211; EXPOSITION &#8211; Visites et accueil"}]},{"@type":"WebSite","@id":"https:\/\/asso-limagerie.fr\/#website","url":"https:\/\/asso-limagerie.fr\/","name":"","description":"","potentialAction":[{"@type":"SearchAction","target":{"@type":"EntryPoint","urlTemplate":"https:\/\/asso-limagerie.fr\/?s={search_term_string}"},"query-input":{"@type":"PropertyValueSpecification","valueRequired":true,"valueName":"search_term_string"}}],"inLanguage":"fr-FR"}]}},"_links":{"self":[{"href":"https:\/\/asso-limagerie.fr\/index.php\/wp-json\/wp\/v2\/pages\/2267","targetHints":{"allow":["GET"]}}],"collection":[{"href":"https:\/\/asso-limagerie.fr\/index.php\/wp-json\/wp\/v2\/pages"}],"about":[{"href":"https:\/\/asso-limagerie.fr\/index.php\/wp-json\/wp\/v2\/types\/page"}],"author":[{"embeddable":true,"href":"https:\/\/asso-limagerie.fr\/index.php\/wp-json\/wp\/v2\/users\/1"}],"replies":[{"embeddable":true,"href":"https:\/\/asso-limagerie.fr\/index.php\/wp-json\/wp\/v2\/comments?post=2267"}],"version-history":[{"count":55,"href":"https:\/\/asso-limagerie.fr\/index.php\/wp-json\/wp\/v2\/pages\/2267\/revisions"}],"predecessor-version":[{"id":5677,"href":"https:\/\/asso-limagerie.fr\/index.php\/wp-json\/wp\/v2\/pages\/2267\/revisions\/5677"}],"wp:attachment":[{"href":"https:\/\/asso-limagerie.fr\/index.php\/wp-json\/wp\/v2\/media?parent=2267"}],"curies":[{"name":"wp","href":"https:\/\/api.w.org\/{rel}","templated":true}]}}