{"id":4647,"date":"2025-02-20T12:11:24","date_gmt":"2025-02-20T11:11:24","guid":{"rendered":"https:\/\/asso-limagerie.fr\/?page_id=4647"},"modified":"2025-02-28T04:53:23","modified_gmt":"2025-02-28T03:53:23","slug":"4-1-2-artistes-emmanuelle-roule","status":"publish","type":"page","link":"https:\/\/asso-limagerie.fr\/index.php\/4-1-2-artistes-emmanuelle-roule\/","title":{"rendered":"4.1.2 &#8211; Artistes &#8211; Emmanuelle Roule"},"content":{"rendered":"\t\t<div data-elementor-type=\"wp-page\" data-elementor-id=\"4647\" class=\"elementor elementor-4647\">\n\t\t\t\t\t\t<section class=\"elementor-section elementor-top-section elementor-element elementor-element-ba66d59 elementor-section-boxed elementor-section-height-default elementor-section-height-default\" data-id=\"ba66d59\" data-element_type=\"section\">\n\t\t\t\t\t\t<div class=\"elementor-container elementor-column-gap-default\">\n\t\t\t\t\t<div class=\"elementor-column elementor-col-100 elementor-top-column elementor-element elementor-element-7af4908\" data-id=\"7af4908\" data-element_type=\"column\">\n\t\t\t<div class=\"elementor-widget-wrap elementor-element-populated\">\n\t\t\t\t\t\t<div class=\"elementor-element elementor-element-b20101f elementor-widget elementor-widget-spacer\" data-id=\"b20101f\" data-element_type=\"widget\" data-widget_type=\"spacer.default\">\n\t\t\t\t<div class=\"elementor-widget-container\">\n\t\t\t\t\t\t\t<div class=\"elementor-spacer\">\n\t\t\t<div class=\"elementor-spacer-inner\"><\/div>\n\t\t<\/div>\n\t\t\t\t\t\t<\/div>\n\t\t\t\t<\/div>\n\t\t\t\t\t<\/div>\n\t\t<\/div>\n\t\t\t\t\t<\/div>\n\t\t<\/section>\n\t\t\t\t<section class=\"elementor-section elementor-top-section elementor-element elementor-element-4219e24 elementor-section-boxed elementor-section-height-default elementor-section-height-default\" data-id=\"4219e24\" data-element_type=\"section\" data-settings=\"{&quot;background_background&quot;:&quot;classic&quot;}\">\n\t\t\t\t\t\t<div class=\"elementor-container elementor-column-gap-default\">\n\t\t\t\t\t<div class=\"elementor-column elementor-col-100 elementor-top-column elementor-element elementor-element-3ed3119\" data-id=\"3ed3119\" data-element_type=\"column\">\n\t\t\t<div class=\"elementor-widget-wrap elementor-element-populated\">\n\t\t\t\t\t\t<div class=\"elementor-element elementor-element-95602e5 elementor-widget elementor-widget-heading\" data-id=\"95602e5\" data-element_type=\"widget\" data-widget_type=\"heading.default\">\n\t\t\t\t<div class=\"elementor-widget-container\">\n\t\t\t\t\t<h2 class=\"elementor-heading-title elementor-size-default\">Emmanuelle Roule<\/h2>\t\t\t\t<\/div>\n\t\t\t\t<\/div>\n\t\t\t\t<div class=\"elementor-element elementor-element-ad23f7e elementor-widget-divider--view-line elementor-widget elementor-widget-divider\" data-id=\"ad23f7e\" data-element_type=\"widget\" data-widget_type=\"divider.default\">\n\t\t\t\t<div class=\"elementor-widget-container\">\n\t\t\t\t\t\t\t<div class=\"elementor-divider\">\n\t\t\t<span class=\"elementor-divider-separator\">\n\t\t\t\t\t\t<\/span>\n\t\t<\/div>\n\t\t\t\t\t\t<\/div>\n\t\t\t\t<\/div>\n\t\t\t\t<section class=\"elementor-section elementor-inner-section elementor-element elementor-element-b8a1895 elementor-section-boxed elementor-section-height-default elementor-section-height-default\" data-id=\"b8a1895\" data-element_type=\"section\">\n\t\t\t\t\t\t<div class=\"elementor-container elementor-column-gap-default\">\n\t\t\t\t\t<div class=\"elementor-column elementor-col-50 elementor-inner-column elementor-element elementor-element-bdb0501\" data-id=\"bdb0501\" data-element_type=\"column\">\n\t\t\t<div class=\"elementor-widget-wrap elementor-element-populated\">\n\t\t\t\t\t\t<div class=\"elementor-element elementor-element-f9c941a elementor-widget elementor-widget-image\" data-id=\"f9c941a\" data-element_type=\"widget\" data-widget_type=\"image.default\">\n\t\t\t\t<div class=\"elementor-widget-container\">\n\t\t\t\t\t\t\t\t\t\t\t\t\t\t\t<img fetchpriority=\"high\" decoding=\"async\" width=\"400\" height=\"517\" src=\"https:\/\/asso-limagerie.fr\/wp-content\/uploads\/2025\/02\/portrait_emmanuelle-roule_limagerie_argenteuil.jpg\" class=\"attachment-large size-large wp-image-5551\" alt=\"\" srcset=\"https:\/\/asso-limagerie.fr\/wp-content\/uploads\/2025\/02\/portrait_emmanuelle-roule_limagerie_argenteuil.jpg 400w, https:\/\/asso-limagerie.fr\/wp-content\/uploads\/2025\/02\/portrait_emmanuelle-roule_limagerie_argenteuil-232x300.jpg 232w\" sizes=\"(max-width: 400px) 100vw, 400px\" \/>\t\t\t\t\t\t\t\t\t\t\t\t\t\t\t<\/div>\n\t\t\t\t<\/div>\n\t\t\t\t\t<\/div>\n\t\t<\/div>\n\t\t\t\t<div class=\"elementor-column elementor-col-50 elementor-inner-column elementor-element elementor-element-5320aa9\" data-id=\"5320aa9\" data-element_type=\"column\">\n\t\t\t<div class=\"elementor-widget-wrap elementor-element-populated\">\n\t\t\t\t\t\t<div class=\"elementor-element elementor-element-5b07d23 elementor-widget elementor-widget-text-editor\" data-id=\"5b07d23\" data-element_type=\"widget\" data-widget_type=\"text-editor.default\">\n\t\t\t\t<div class=\"elementor-widget-container\">\n\t\t\t\t\t\t\t\t\t<p>Il y a au d\u00e9part une pratique d\u2019image, puis une seconde de c\u00e9ramiste. Il y a l\u2019ordinateur et le four. La souris et la main. La couleur et le geste. Emmanuelle Roule, au travers de diff\u00e9rentes exp\u00e9rimentations artistiques et plastiques, questionne la couleur selon des forces d\u2019attraction et de r\u00e9pulsion. Elle s\u2019y emploie en manipulant diff\u00e9rents outils et m\u00e9diums. Cette interaction entre la couleur, la forme et le volume est fig\u00e9e dans une image. Cette image est un m\u00e9dia. Elle diffuse, elle transmet. Elle est un passeur d\u2019\u00e9l\u00e9ments. L\u2019image fige l\u2019interaction entre les couleurs et les mat\u00e9riaux. On perd alors les \u00e9chelles. On regarde les \u00e9l\u00e9ments. Du r\u00e9el au suppos\u00e9. Entre l\u2019intention et le r\u00e9sultat. Il y a une entente, il y a connivence avec le voisinage.<\/p>\t\t\t\t\t\t\t\t<\/div>\n\t\t\t\t<\/div>\n\t\t\t\t\t<\/div>\n\t\t<\/div>\n\t\t\t\t\t<\/div>\n\t\t<\/section>\n\t\t\t\t\t<\/div>\n\t\t<\/div>\n\t\t\t\t\t<\/div>\n\t\t<\/section>\n\t\t\t\t<section class=\"elementor-section elementor-top-section elementor-element elementor-element-801dfb8 elementor-section-boxed elementor-section-height-default elementor-section-height-default\" data-id=\"801dfb8\" data-element_type=\"section\">\n\t\t\t\t\t\t<div class=\"elementor-container elementor-column-gap-default\">\n\t\t\t\t\t<div class=\"elementor-column elementor-col-25 elementor-top-column elementor-element elementor-element-3d1e9c1\" data-id=\"3d1e9c1\" data-element_type=\"column\">\n\t\t\t<div class=\"elementor-widget-wrap elementor-element-populated\">\n\t\t\t\t\t\t<div class=\"elementor-element elementor-element-930fca0 elementor-widget elementor-widget-image\" data-id=\"930fca0\" data-element_type=\"widget\" data-widget_type=\"image.default\">\n\t\t\t\t<div class=\"elementor-widget-container\">\n\t\t\t\t\t\t\t\t\t\t\t\t\t\t\t<img decoding=\"async\" width=\"526\" height=\"737\" src=\"https:\/\/asso-limagerie.fr\/wp-content\/uploads\/2025\/02\/emmanuelle-roule_limagerie.argenteuil-3.jpg\" class=\"attachment-large size-large wp-image-5554\" alt=\"\" srcset=\"https:\/\/asso-limagerie.fr\/wp-content\/uploads\/2025\/02\/emmanuelle-roule_limagerie.argenteuil-3.jpg 526w, https:\/\/asso-limagerie.fr\/wp-content\/uploads\/2025\/02\/emmanuelle-roule_limagerie.argenteuil-3-214x300.jpg 214w\" sizes=\"(max-width: 526px) 100vw, 526px\" \/>\t\t\t\t\t\t\t\t\t\t\t\t\t\t\t<\/div>\n\t\t\t\t<\/div>\n\t\t\t\t\t<\/div>\n\t\t<\/div>\n\t\t\t\t<div class=\"elementor-column elementor-col-25 elementor-top-column elementor-element elementor-element-b65ed8b\" data-id=\"b65ed8b\" data-element_type=\"column\">\n\t\t\t<div class=\"elementor-widget-wrap elementor-element-populated\">\n\t\t\t\t\t\t<div class=\"elementor-element elementor-element-5352dda elementor-widget elementor-widget-image\" data-id=\"5352dda\" data-element_type=\"widget\" data-widget_type=\"image.default\">\n\t\t\t\t<div class=\"elementor-widget-container\">\n\t\t\t\t\t\t\t\t\t\t\t\t\t\t\t<img decoding=\"async\" width=\"526\" height=\"737\" src=\"https:\/\/asso-limagerie.fr\/wp-content\/uploads\/2025\/02\/emmanuelle-roule_limagerie.argenteuil-2.jpg\" class=\"attachment-large size-large wp-image-5553\" alt=\"\" srcset=\"https:\/\/asso-limagerie.fr\/wp-content\/uploads\/2025\/02\/emmanuelle-roule_limagerie.argenteuil-2.jpg 526w, https:\/\/asso-limagerie.fr\/wp-content\/uploads\/2025\/02\/emmanuelle-roule_limagerie.argenteuil-2-214x300.jpg 214w\" sizes=\"(max-width: 526px) 100vw, 526px\" \/>\t\t\t\t\t\t\t\t\t\t\t\t\t\t\t<\/div>\n\t\t\t\t<\/div>\n\t\t\t\t\t<\/div>\n\t\t<\/div>\n\t\t\t\t<div class=\"elementor-column elementor-col-25 elementor-top-column elementor-element elementor-element-dfed32c\" data-id=\"dfed32c\" data-element_type=\"column\">\n\t\t\t<div class=\"elementor-widget-wrap elementor-element-populated\">\n\t\t\t\t\t\t<div class=\"elementor-element elementor-element-1b6cb0d elementor-widget elementor-widget-image\" data-id=\"1b6cb0d\" data-element_type=\"widget\" data-widget_type=\"image.default\">\n\t\t\t\t<div class=\"elementor-widget-container\">\n\t\t\t\t\t\t\t\t\t\t\t\t\t\t\t<img loading=\"lazy\" decoding=\"async\" width=\"526\" height=\"737\" src=\"https:\/\/asso-limagerie.fr\/wp-content\/uploads\/2025\/02\/emmanuelle-roule_limagerie.argenteuil-1.jpg\" class=\"attachment-large size-large wp-image-5552\" alt=\"\" srcset=\"https:\/\/asso-limagerie.fr\/wp-content\/uploads\/2025\/02\/emmanuelle-roule_limagerie.argenteuil-1.jpg 526w, https:\/\/asso-limagerie.fr\/wp-content\/uploads\/2025\/02\/emmanuelle-roule_limagerie.argenteuil-1-214x300.jpg 214w\" sizes=\"(max-width: 526px) 100vw, 526px\" \/>\t\t\t\t\t\t\t\t\t\t\t\t\t\t\t<\/div>\n\t\t\t\t<\/div>\n\t\t\t\t\t<\/div>\n\t\t<\/div>\n\t\t\t\t<div class=\"elementor-column elementor-col-25 elementor-top-column elementor-element elementor-element-49f1175\" data-id=\"49f1175\" data-element_type=\"column\">\n\t\t\t<div class=\"elementor-widget-wrap elementor-element-populated\">\n\t\t\t\t\t\t<div class=\"elementor-element elementor-element-01a1fd2 elementor-widget elementor-widget-image\" data-id=\"01a1fd2\" data-element_type=\"widget\" data-widget_type=\"image.default\">\n\t\t\t\t<div class=\"elementor-widget-container\">\n\t\t\t\t\t\t\t\t\t\t\t\t\t\t\t<img loading=\"lazy\" decoding=\"async\" width=\"526\" height=\"737\" src=\"https:\/\/asso-limagerie.fr\/wp-content\/uploads\/2025\/02\/emmanuelle-roule_limagerie.argenteuil-4.jpg\" class=\"attachment-large size-large wp-image-5555\" alt=\"\" srcset=\"https:\/\/asso-limagerie.fr\/wp-content\/uploads\/2025\/02\/emmanuelle-roule_limagerie.argenteuil-4.jpg 526w, https:\/\/asso-limagerie.fr\/wp-content\/uploads\/2025\/02\/emmanuelle-roule_limagerie.argenteuil-4-214x300.jpg 214w\" sizes=\"(max-width: 526px) 100vw, 526px\" \/>\t\t\t\t\t\t\t\t\t\t\t\t\t\t\t<\/div>\n\t\t\t\t<\/div>\n\t\t\t\t\t<\/div>\n\t\t<\/div>\n\t\t\t\t\t<\/div>\n\t\t<\/section>\n\t\t\t\t<section class=\"elementor-section elementor-top-section elementor-element elementor-element-6ed15b5 elementor-section-boxed elementor-section-height-default elementor-section-height-default\" data-id=\"6ed15b5\" data-element_type=\"section\">\n\t\t\t\t\t\t<div class=\"elementor-container elementor-column-gap-default\">\n\t\t\t\t\t<div class=\"elementor-column elementor-col-100 elementor-top-column elementor-element elementor-element-b9c3b1f\" data-id=\"b9c3b1f\" data-element_type=\"column\">\n\t\t\t<div class=\"elementor-widget-wrap elementor-element-populated\">\n\t\t\t\t\t\t<div class=\"elementor-element elementor-element-03c647a elementor-widget elementor-widget-spacer\" data-id=\"03c647a\" data-element_type=\"widget\" data-widget_type=\"spacer.default\">\n\t\t\t\t<div class=\"elementor-widget-container\">\n\t\t\t\t\t\t\t<div class=\"elementor-spacer\">\n\t\t\t<div class=\"elementor-spacer-inner\"><\/div>\n\t\t<\/div>\n\t\t\t\t\t\t<\/div>\n\t\t\t\t<\/div>\n\t\t\t\t\t<\/div>\n\t\t<\/div>\n\t\t\t\t\t<\/div>\n\t\t<\/section>\n\t\t\t\t<\/div>\n\t\t","protected":false},"excerpt":{"rendered":"<p>Emmanuelle Roule Il y a au d\u00e9part une pratique d\u2019image, puis une seconde de c\u00e9ramiste. Il y a l\u2019ordinateur et le four. La souris et la main. La couleur et le geste. Emmanuelle Roule, au travers de diff\u00e9rentes exp\u00e9rimentations artistiques et plastiques, questionne la couleur selon des forces d\u2019attraction et de r\u00e9pulsion. Elle s\u2019y emploie [&hellip;]<\/p>\n","protected":false},"author":1,"featured_media":0,"parent":0,"menu_order":0,"comment_status":"closed","ping_status":"closed","template":"","meta":{"site-sidebar-layout":"no-sidebar","site-content-layout":"page-builder","ast-site-content-layout":"full-width-container","site-content-style":"default","site-sidebar-style":"default","ast-global-header-display":"","ast-banner-title-visibility":"","ast-main-header-display":"","ast-hfb-above-header-display":"","ast-hfb-below-header-display":"","ast-hfb-mobile-header-display":"","site-post-title":"disabled","ast-breadcrumbs-content":"","ast-featured-img":"disabled","footer-sml-layout":"","theme-transparent-header-meta":"","adv-header-id-meta":"","stick-header-meta":"","header-above-stick-meta":"","header-main-stick-meta":"","header-below-stick-meta":"","astra-migrate-meta-layouts":"set","ast-page-background-enabled":"default","ast-page-background-meta":{"desktop":{"background-color":"var(--ast-global-color-4)","background-image":"","background-repeat":"repeat","background-position":"center center","background-size":"auto","background-attachment":"scroll","background-type":"","background-media":"","overlay-type":"","overlay-color":"","overlay-opacity":"","overlay-gradient":""},"tablet":{"background-color":"","background-image":"","background-repeat":"repeat","background-position":"center center","background-size":"auto","background-attachment":"scroll","background-type":"","background-media":"","overlay-type":"","overlay-color":"","overlay-opacity":"","overlay-gradient":""},"mobile":{"background-color":"","background-image":"","background-repeat":"repeat","background-position":"center center","background-size":"auto","background-attachment":"scroll","background-type":"","background-media":"","overlay-type":"","overlay-color":"","overlay-opacity":"","overlay-gradient":""}},"ast-content-background-meta":{"desktop":{"background-color":"var(--ast-global-color-5)","background-image":"","background-repeat":"repeat","background-position":"center center","background-size":"auto","background-attachment":"scroll","background-type":"","background-media":"","overlay-type":"","overlay-color":"","overlay-opacity":"","overlay-gradient":""},"tablet":{"background-color":"var(--ast-global-color-5)","background-image":"","background-repeat":"repeat","background-position":"center center","background-size":"auto","background-attachment":"scroll","background-type":"","background-media":"","overlay-type":"","overlay-color":"","overlay-opacity":"","overlay-gradient":""},"mobile":{"background-color":"var(--ast-global-color-5)","background-image":"","background-repeat":"repeat","background-position":"center center","background-size":"auto","background-attachment":"scroll","background-type":"","background-media":"","overlay-type":"","overlay-color":"","overlay-opacity":"","overlay-gradient":""}},"footnotes":""},"class_list":["post-4647","page","type-page","status-publish","hentry"],"yoast_head":"<!-- This site is optimized with the Yoast SEO plugin v26.6 - https:\/\/yoast.com\/wordpress\/plugins\/seo\/ -->\n<title>4.1.2 - Artistes - Emmanuelle Roule -<\/title>\n<meta name=\"robots\" content=\"index, follow, max-snippet:-1, max-image-preview:large, max-video-preview:-1\" \/>\n<link rel=\"canonical\" href=\"https:\/\/asso-limagerie.fr\/index.php\/4-1-2-artistes-emmanuelle-roule\/\" \/>\n<meta property=\"og:locale\" content=\"fr_FR\" \/>\n<meta property=\"og:type\" content=\"article\" \/>\n<meta property=\"og:title\" content=\"4.1.2 - Artistes - Emmanuelle Roule -\" \/>\n<meta property=\"og:description\" content=\"Emmanuelle Roule Il y a au d\u00e9part une pratique d\u2019image, puis une seconde de c\u00e9ramiste. Il y a l\u2019ordinateur et le four. La souris et la main. La couleur et le geste. Emmanuelle Roule, au travers de diff\u00e9rentes exp\u00e9rimentations artistiques et plastiques, questionne la couleur selon des forces d\u2019attraction et de r\u00e9pulsion. Elle s\u2019y emploie [&hellip;]\" \/>\n<meta property=\"og:url\" content=\"https:\/\/asso-limagerie.fr\/index.php\/4-1-2-artistes-emmanuelle-roule\/\" \/>\n<meta property=\"article:modified_time\" content=\"2025-02-28T03:53:23+00:00\" \/>\n<meta property=\"og:image\" content=\"https:\/\/asso-limagerie.fr\/wp-content\/uploads\/2025\/02\/portrait_emmanuelle-roule_limagerie_argenteuil.jpg\" \/>\n\t<meta property=\"og:image:width\" content=\"400\" \/>\n\t<meta property=\"og:image:height\" content=\"517\" \/>\n\t<meta property=\"og:image:type\" content=\"image\/jpeg\" \/>\n<meta name=\"twitter:card\" content=\"summary_large_image\" \/>\n<meta name=\"twitter:label1\" content=\"Dur\u00e9e de lecture estim\u00e9e\" \/>\n\t<meta name=\"twitter:data1\" content=\"2 minutes\" \/>\n<script type=\"application\/ld+json\" class=\"yoast-schema-graph\">{\"@context\":\"https:\/\/schema.org\",\"@graph\":[{\"@type\":\"WebPage\",\"@id\":\"https:\/\/asso-limagerie.fr\/index.php\/4-1-2-artistes-emmanuelle-roule\/\",\"url\":\"https:\/\/asso-limagerie.fr\/index.php\/4-1-2-artistes-emmanuelle-roule\/\",\"name\":\"4.1.2 - Artistes - Emmanuelle Roule -\",\"isPartOf\":{\"@id\":\"https:\/\/asso-limagerie.fr\/#website\"},\"primaryImageOfPage\":{\"@id\":\"https:\/\/asso-limagerie.fr\/index.php\/4-1-2-artistes-emmanuelle-roule\/#primaryimage\"},\"image\":{\"@id\":\"https:\/\/asso-limagerie.fr\/index.php\/4-1-2-artistes-emmanuelle-roule\/#primaryimage\"},\"thumbnailUrl\":\"https:\/\/asso-limagerie.fr\/wp-content\/uploads\/2025\/02\/portrait_emmanuelle-roule_limagerie_argenteuil.jpg\",\"datePublished\":\"2025-02-20T11:11:24+00:00\",\"dateModified\":\"2025-02-28T03:53:23+00:00\",\"breadcrumb\":{\"@id\":\"https:\/\/asso-limagerie.fr\/index.php\/4-1-2-artistes-emmanuelle-roule\/#breadcrumb\"},\"inLanguage\":\"fr-FR\",\"potentialAction\":[{\"@type\":\"ReadAction\",\"target\":[\"https:\/\/asso-limagerie.fr\/index.php\/4-1-2-artistes-emmanuelle-roule\/\"]}]},{\"@type\":\"ImageObject\",\"inLanguage\":\"fr-FR\",\"@id\":\"https:\/\/asso-limagerie.fr\/index.php\/4-1-2-artistes-emmanuelle-roule\/#primaryimage\",\"url\":\"https:\/\/asso-limagerie.fr\/wp-content\/uploads\/2025\/02\/portrait_emmanuelle-roule_limagerie_argenteuil.jpg\",\"contentUrl\":\"https:\/\/asso-limagerie.fr\/wp-content\/uploads\/2025\/02\/portrait_emmanuelle-roule_limagerie_argenteuil.jpg\",\"width\":400,\"height\":517,\"caption\":\"Screenshot\"},{\"@type\":\"BreadcrumbList\",\"@id\":\"https:\/\/asso-limagerie.fr\/index.php\/4-1-2-artistes-emmanuelle-roule\/#breadcrumb\",\"itemListElement\":[{\"@type\":\"ListItem\",\"position\":1,\"name\":\"Accueil\",\"item\":\"https:\/\/asso-limagerie.fr\/\"},{\"@type\":\"ListItem\",\"position\":2,\"name\":\"4.1.2 &#8211; Artistes &#8211; Emmanuelle Roule\"}]},{\"@type\":\"WebSite\",\"@id\":\"https:\/\/asso-limagerie.fr\/#website\",\"url\":\"https:\/\/asso-limagerie.fr\/\",\"name\":\"\",\"description\":\"\",\"potentialAction\":[{\"@type\":\"SearchAction\",\"target\":{\"@type\":\"EntryPoint\",\"urlTemplate\":\"https:\/\/asso-limagerie.fr\/?s={search_term_string}\"},\"query-input\":{\"@type\":\"PropertyValueSpecification\",\"valueRequired\":true,\"valueName\":\"search_term_string\"}}],\"inLanguage\":\"fr-FR\"}]}<\/script>\n<!-- \/ Yoast SEO plugin. -->","yoast_head_json":{"title":"4.1.2 - Artistes - Emmanuelle Roule -","robots":{"index":"index","follow":"follow","max-snippet":"max-snippet:-1","max-image-preview":"max-image-preview:large","max-video-preview":"max-video-preview:-1"},"canonical":"https:\/\/asso-limagerie.fr\/index.php\/4-1-2-artistes-emmanuelle-roule\/","og_locale":"fr_FR","og_type":"article","og_title":"4.1.2 - Artistes - Emmanuelle Roule -","og_description":"Emmanuelle Roule Il y a au d\u00e9part une pratique d\u2019image, puis une seconde de c\u00e9ramiste. Il y a l\u2019ordinateur et le four. La souris et la main. La couleur et le geste. Emmanuelle Roule, au travers de diff\u00e9rentes exp\u00e9rimentations artistiques et plastiques, questionne la couleur selon des forces d\u2019attraction et de r\u00e9pulsion. Elle s\u2019y emploie [&hellip;]","og_url":"https:\/\/asso-limagerie.fr\/index.php\/4-1-2-artistes-emmanuelle-roule\/","article_modified_time":"2025-02-28T03:53:23+00:00","og_image":[{"width":400,"height":517,"url":"https:\/\/asso-limagerie.fr\/wp-content\/uploads\/2025\/02\/portrait_emmanuelle-roule_limagerie_argenteuil.jpg","type":"image\/jpeg"}],"twitter_card":"summary_large_image","twitter_misc":{"Dur\u00e9e de lecture estim\u00e9e":"2 minutes"},"schema":{"@context":"https:\/\/schema.org","@graph":[{"@type":"WebPage","@id":"https:\/\/asso-limagerie.fr\/index.php\/4-1-2-artistes-emmanuelle-roule\/","url":"https:\/\/asso-limagerie.fr\/index.php\/4-1-2-artistes-emmanuelle-roule\/","name":"4.1.2 - Artistes - Emmanuelle Roule -","isPartOf":{"@id":"https:\/\/asso-limagerie.fr\/#website"},"primaryImageOfPage":{"@id":"https:\/\/asso-limagerie.fr\/index.php\/4-1-2-artistes-emmanuelle-roule\/#primaryimage"},"image":{"@id":"https:\/\/asso-limagerie.fr\/index.php\/4-1-2-artistes-emmanuelle-roule\/#primaryimage"},"thumbnailUrl":"https:\/\/asso-limagerie.fr\/wp-content\/uploads\/2025\/02\/portrait_emmanuelle-roule_limagerie_argenteuil.jpg","datePublished":"2025-02-20T11:11:24+00:00","dateModified":"2025-02-28T03:53:23+00:00","breadcrumb":{"@id":"https:\/\/asso-limagerie.fr\/index.php\/4-1-2-artistes-emmanuelle-roule\/#breadcrumb"},"inLanguage":"fr-FR","potentialAction":[{"@type":"ReadAction","target":["https:\/\/asso-limagerie.fr\/index.php\/4-1-2-artistes-emmanuelle-roule\/"]}]},{"@type":"ImageObject","inLanguage":"fr-FR","@id":"https:\/\/asso-limagerie.fr\/index.php\/4-1-2-artistes-emmanuelle-roule\/#primaryimage","url":"https:\/\/asso-limagerie.fr\/wp-content\/uploads\/2025\/02\/portrait_emmanuelle-roule_limagerie_argenteuil.jpg","contentUrl":"https:\/\/asso-limagerie.fr\/wp-content\/uploads\/2025\/02\/portrait_emmanuelle-roule_limagerie_argenteuil.jpg","width":400,"height":517,"caption":"Screenshot"},{"@type":"BreadcrumbList","@id":"https:\/\/asso-limagerie.fr\/index.php\/4-1-2-artistes-emmanuelle-roule\/#breadcrumb","itemListElement":[{"@type":"ListItem","position":1,"name":"Accueil","item":"https:\/\/asso-limagerie.fr\/"},{"@type":"ListItem","position":2,"name":"4.1.2 &#8211; Artistes &#8211; Emmanuelle Roule"}]},{"@type":"WebSite","@id":"https:\/\/asso-limagerie.fr\/#website","url":"https:\/\/asso-limagerie.fr\/","name":"","description":"","potentialAction":[{"@type":"SearchAction","target":{"@type":"EntryPoint","urlTemplate":"https:\/\/asso-limagerie.fr\/?s={search_term_string}"},"query-input":{"@type":"PropertyValueSpecification","valueRequired":true,"valueName":"search_term_string"}}],"inLanguage":"fr-FR"}]}},"_links":{"self":[{"href":"https:\/\/asso-limagerie.fr\/index.php\/wp-json\/wp\/v2\/pages\/4647","targetHints":{"allow":["GET"]}}],"collection":[{"href":"https:\/\/asso-limagerie.fr\/index.php\/wp-json\/wp\/v2\/pages"}],"about":[{"href":"https:\/\/asso-limagerie.fr\/index.php\/wp-json\/wp\/v2\/types\/page"}],"author":[{"embeddable":true,"href":"https:\/\/asso-limagerie.fr\/index.php\/wp-json\/wp\/v2\/users\/1"}],"replies":[{"embeddable":true,"href":"https:\/\/asso-limagerie.fr\/index.php\/wp-json\/wp\/v2\/comments?post=4647"}],"version-history":[{"count":10,"href":"https:\/\/asso-limagerie.fr\/index.php\/wp-json\/wp\/v2\/pages\/4647\/revisions"}],"predecessor-version":[{"id":5739,"href":"https:\/\/asso-limagerie.fr\/index.php\/wp-json\/wp\/v2\/pages\/4647\/revisions\/5739"}],"wp:attachment":[{"href":"https:\/\/asso-limagerie.fr\/index.php\/wp-json\/wp\/v2\/media?parent=4647"}],"curies":[{"name":"wp","href":"https:\/\/api.w.org\/{rel}","templated":true}]}}