{"id":4653,"date":"2025-02-20T12:14:42","date_gmt":"2025-02-20T11:14:42","guid":{"rendered":"https:\/\/asso-limagerie.fr\/?page_id=4653"},"modified":"2025-02-28T04:43:22","modified_gmt":"2025-02-28T03:43:22","slug":"4-1-5-artistes-samuel-germelus","status":"publish","type":"page","link":"https:\/\/asso-limagerie.fr\/index.php\/4-1-5-artistes-samuel-germelus\/","title":{"rendered":"4.1.5 &#8211; Artistes &#8211; Samuel Germelus"},"content":{"rendered":"\t\t<div data-elementor-type=\"wp-page\" data-elementor-id=\"4653\" class=\"elementor elementor-4653\">\n\t\t\t\t\t\t<section class=\"elementor-section elementor-top-section elementor-element elementor-element-ba66d59 elementor-section-boxed elementor-section-height-default elementor-section-height-default\" data-id=\"ba66d59\" data-element_type=\"section\">\n\t\t\t\t\t\t<div class=\"elementor-container elementor-column-gap-default\">\n\t\t\t\t\t<div class=\"elementor-column elementor-col-100 elementor-top-column elementor-element elementor-element-7af4908\" data-id=\"7af4908\" data-element_type=\"column\">\n\t\t\t<div class=\"elementor-widget-wrap elementor-element-populated\">\n\t\t\t\t\t\t<div class=\"elementor-element elementor-element-b20101f elementor-widget elementor-widget-spacer\" data-id=\"b20101f\" data-element_type=\"widget\" data-widget_type=\"spacer.default\">\n\t\t\t\t<div class=\"elementor-widget-container\">\n\t\t\t\t\t\t\t<div class=\"elementor-spacer\">\n\t\t\t<div class=\"elementor-spacer-inner\"><\/div>\n\t\t<\/div>\n\t\t\t\t\t\t<\/div>\n\t\t\t\t<\/div>\n\t\t\t\t\t<\/div>\n\t\t<\/div>\n\t\t\t\t\t<\/div>\n\t\t<\/section>\n\t\t\t\t<section class=\"elementor-section elementor-top-section elementor-element elementor-element-4219e24 elementor-section-boxed elementor-section-height-default elementor-section-height-default\" data-id=\"4219e24\" data-element_type=\"section\" data-settings=\"{&quot;background_background&quot;:&quot;classic&quot;}\">\n\t\t\t\t\t\t<div class=\"elementor-container elementor-column-gap-default\">\n\t\t\t\t\t<div class=\"elementor-column elementor-col-100 elementor-top-column elementor-element elementor-element-3ed3119\" data-id=\"3ed3119\" data-element_type=\"column\">\n\t\t\t<div class=\"elementor-widget-wrap elementor-element-populated\">\n\t\t\t\t\t\t<div class=\"elementor-element elementor-element-95602e5 elementor-widget elementor-widget-heading\" data-id=\"95602e5\" data-element_type=\"widget\" data-widget_type=\"heading.default\">\n\t\t\t\t<div class=\"elementor-widget-container\">\n\t\t\t\t\t<h2 class=\"elementor-heading-title elementor-size-default\">Samuel Germelus<\/h2>\t\t\t\t<\/div>\n\t\t\t\t<\/div>\n\t\t\t\t<div class=\"elementor-element elementor-element-ad23f7e elementor-widget-divider--view-line elementor-widget elementor-widget-divider\" data-id=\"ad23f7e\" data-element_type=\"widget\" data-widget_type=\"divider.default\">\n\t\t\t\t<div class=\"elementor-widget-container\">\n\t\t\t\t\t\t\t<div class=\"elementor-divider\">\n\t\t\t<span class=\"elementor-divider-separator\">\n\t\t\t\t\t\t<\/span>\n\t\t<\/div>\n\t\t\t\t\t\t<\/div>\n\t\t\t\t<\/div>\n\t\t\t\t<section class=\"elementor-section elementor-inner-section elementor-element elementor-element-b8a1895 elementor-section-boxed elementor-section-height-default elementor-section-height-default\" data-id=\"b8a1895\" data-element_type=\"section\">\n\t\t\t\t\t\t<div class=\"elementor-container elementor-column-gap-default\">\n\t\t\t\t\t<div class=\"elementor-column elementor-col-50 elementor-inner-column elementor-element elementor-element-bdb0501\" data-id=\"bdb0501\" data-element_type=\"column\">\n\t\t\t<div class=\"elementor-widget-wrap elementor-element-populated\">\n\t\t\t\t\t\t<div class=\"elementor-element elementor-element-f9c941a elementor-widget elementor-widget-image\" data-id=\"f9c941a\" data-element_type=\"widget\" data-widget_type=\"image.default\">\n\t\t\t\t<div class=\"elementor-widget-container\">\n\t\t\t\t\t\t\t\t\t\t\t\t\t\t\t<img fetchpriority=\"high\" decoding=\"async\" width=\"400\" height=\"517\" src=\"https:\/\/asso-limagerie.fr\/wp-content\/uploads\/2025\/02\/portrait_SAMUEL-GERMELUS_limagerie_argenteuil.jpg\" class=\"attachment-large size-large wp-image-5578\" alt=\"\" srcset=\"https:\/\/asso-limagerie.fr\/wp-content\/uploads\/2025\/02\/portrait_SAMUEL-GERMELUS_limagerie_argenteuil.jpg 400w, https:\/\/asso-limagerie.fr\/wp-content\/uploads\/2025\/02\/portrait_SAMUEL-GERMELUS_limagerie_argenteuil-232x300.jpg 232w\" sizes=\"(max-width: 400px) 100vw, 400px\" \/>\t\t\t\t\t\t\t\t\t\t\t\t\t\t\t<\/div>\n\t\t\t\t<\/div>\n\t\t\t\t\t<\/div>\n\t\t<\/div>\n\t\t\t\t<div class=\"elementor-column elementor-col-50 elementor-inner-column elementor-element elementor-element-5320aa9\" data-id=\"5320aa9\" data-element_type=\"column\">\n\t\t\t<div class=\"elementor-widget-wrap elementor-element-populated\">\n\t\t\t\t\t\t<div class=\"elementor-element elementor-element-5b07d23 elementor-widget elementor-widget-text-editor\" data-id=\"5b07d23\" data-element_type=\"widget\" data-widget_type=\"text-editor.default\">\n\t\t\t\t<div class=\"elementor-widget-container\">\n\t\t\t\t\t\t\t\t\t<p>Samuel Germelus est n\u00e9 en 1991, quatri\u00e8me d&rsquo;une fratrie de sept enfants. Sa rencontre avec l&rsquo;association \u00ab&nbsp;<span style=\"font-style: inherit; font-weight: inherit;\">Mille Visages&nbsp;<\/span>\u00bb<span style=\"font-style: inherit; font-weight: inherit;\">&nbsp;est d\u00e9terminante, car il d\u00e9couvre sa passion pour la r\u00e9alisation cin\u00e9matographique. En 2012,&nbsp;Samuel Germelus&nbsp;r\u00e9alise son premier court-m\u00e9trage, \u00ab Enjeu de rue \u00bb&nbsp;, qui lui vaut d&rsquo;\u00eatre laur\u00e9at des bourses de la Fondation France T\u00e9l\u00e9visions en 2014. Par la suite, il d\u00e9croche un contrat de sc\u00e9nariste en atelier chez TF1 pendant six mois.&nbsp;En 2015, il int\u00e9gre le programme \u00ab La R\u00e9sidence&nbsp;\u00bb &nbsp;de la prestigieuse \u00e9cole La F\u00e9mis o\u00f9 il r\u00e9alise \u00ab Arrach\u00e9&nbsp;\u00bb, son second court-m\u00e9trage. Celui-ci est s\u00e9lectionn\u00e9 dans de nombreux festivals et remporte plusieurs prix. En 2016, il cr\u00e9\u00e9 \u00ab Samuel West production&nbsp;\u00bb, sa propre bo\u00eete de production audiovisuelle avec l&rsquo;ambition de se diversifier&nbsp;dans des domaines tels que les clips, les concerts, les documentaires, les vid\u00e9os corporate, la publicit\u00e9\u2026 En parall\u00e8le, il continue de d\u00e9velopper ses projets de fiction, qui restent au c\u0153ur de sa d\u00e9marche artistique.&nbsp;<\/span><\/p>\t\t\t\t\t\t\t\t<\/div>\n\t\t\t\t<\/div>\n\t\t\t\t\t<\/div>\n\t\t<\/div>\n\t\t\t\t\t<\/div>\n\t\t<\/section>\n\t\t\t\t\t<\/div>\n\t\t<\/div>\n\t\t\t\t\t<\/div>\n\t\t<\/section>\n\t\t\t\t<section class=\"elementor-section elementor-top-section elementor-element elementor-element-0b053b7 elementor-section-boxed elementor-section-height-default elementor-section-height-default\" data-id=\"0b053b7\" data-element_type=\"section\">\n\t\t\t\t\t\t<div class=\"elementor-container elementor-column-gap-default\">\n\t\t\t\t\t<div class=\"elementor-column elementor-col-33 elementor-top-column elementor-element elementor-element-26700d8\" data-id=\"26700d8\" data-element_type=\"column\">\n\t\t\t<div class=\"elementor-widget-wrap elementor-element-populated\">\n\t\t\t\t\t\t<div class=\"elementor-element elementor-element-655f380 elementor-widget elementor-widget-image\" data-id=\"655f380\" data-element_type=\"widget\" data-widget_type=\"image.default\">\n\t\t\t\t<div class=\"elementor-widget-container\">\n\t\t\t\t\t\t\t\t\t\t\t\t\t\t\t<img decoding=\"async\" width=\"722\" height=\"510\" src=\"https:\/\/asso-limagerie.fr\/wp-content\/uploads\/2025\/02\/SAMUEL-GERMELUS_LIMAGERIE_ARGENTEUIL_1.jpg\" class=\"attachment-large size-large wp-image-5701\" alt=\"\" srcset=\"https:\/\/asso-limagerie.fr\/wp-content\/uploads\/2025\/02\/SAMUEL-GERMELUS_LIMAGERIE_ARGENTEUIL_1.jpg 722w, https:\/\/asso-limagerie.fr\/wp-content\/uploads\/2025\/02\/SAMUEL-GERMELUS_LIMAGERIE_ARGENTEUIL_1-300x212.jpg 300w\" sizes=\"(max-width: 722px) 100vw, 722px\" \/>\t\t\t\t\t\t\t\t\t\t\t\t\t\t\t<\/div>\n\t\t\t\t<\/div>\n\t\t\t\t\t<\/div>\n\t\t<\/div>\n\t\t\t\t<div class=\"elementor-column elementor-col-33 elementor-top-column elementor-element elementor-element-f6eff04\" data-id=\"f6eff04\" data-element_type=\"column\">\n\t\t\t<div class=\"elementor-widget-wrap elementor-element-populated\">\n\t\t\t\t\t\t<div class=\"elementor-element elementor-element-e1db3f0 elementor-widget elementor-widget-image\" data-id=\"e1db3f0\" data-element_type=\"widget\" data-widget_type=\"image.default\">\n\t\t\t\t<div class=\"elementor-widget-container\">\n\t\t\t\t\t\t\t\t\t\t\t\t\t\t\t<img decoding=\"async\" width=\"722\" height=\"510\" src=\"https:\/\/asso-limagerie.fr\/wp-content\/uploads\/2025\/02\/SAMUEL-GERMELUS_LIMAGERIE_ARGENTEUIL_3.jpg\" class=\"attachment-large size-large wp-image-5703\" alt=\"\" srcset=\"https:\/\/asso-limagerie.fr\/wp-content\/uploads\/2025\/02\/SAMUEL-GERMELUS_LIMAGERIE_ARGENTEUIL_3.jpg 722w, https:\/\/asso-limagerie.fr\/wp-content\/uploads\/2025\/02\/SAMUEL-GERMELUS_LIMAGERIE_ARGENTEUIL_3-300x212.jpg 300w\" sizes=\"(max-width: 722px) 100vw, 722px\" \/>\t\t\t\t\t\t\t\t\t\t\t\t\t\t\t<\/div>\n\t\t\t\t<\/div>\n\t\t\t\t\t<\/div>\n\t\t<\/div>\n\t\t\t\t<div class=\"elementor-column elementor-col-33 elementor-top-column elementor-element elementor-element-96851d0\" data-id=\"96851d0\" data-element_type=\"column\">\n\t\t\t<div class=\"elementor-widget-wrap elementor-element-populated\">\n\t\t\t\t\t\t<div class=\"elementor-element elementor-element-5a31f17 elementor-widget elementor-widget-image\" data-id=\"5a31f17\" data-element_type=\"widget\" data-widget_type=\"image.default\">\n\t\t\t\t<div class=\"elementor-widget-container\">\n\t\t\t\t\t\t\t\t\t\t\t\t\t\t\t<img loading=\"lazy\" decoding=\"async\" width=\"722\" height=\"510\" src=\"https:\/\/asso-limagerie.fr\/wp-content\/uploads\/2025\/02\/SAMUEL-GERMELUS_LIMAGERIE_ARGENTEUIL_2.jpg\" class=\"attachment-large size-large wp-image-5702\" alt=\"\" srcset=\"https:\/\/asso-limagerie.fr\/wp-content\/uploads\/2025\/02\/SAMUEL-GERMELUS_LIMAGERIE_ARGENTEUIL_2.jpg 722w, https:\/\/asso-limagerie.fr\/wp-content\/uploads\/2025\/02\/SAMUEL-GERMELUS_LIMAGERIE_ARGENTEUIL_2-300x212.jpg 300w\" sizes=\"(max-width: 722px) 100vw, 722px\" \/>\t\t\t\t\t\t\t\t\t\t\t\t\t\t\t<\/div>\n\t\t\t\t<\/div>\n\t\t\t\t\t<\/div>\n\t\t<\/div>\n\t\t\t\t\t<\/div>\n\t\t<\/section>\n\t\t\t\t<section class=\"elementor-section elementor-top-section elementor-element elementor-element-b5bfb27 elementor-section-boxed elementor-section-height-default elementor-section-height-default\" data-id=\"b5bfb27\" data-element_type=\"section\">\n\t\t\t\t\t\t<div class=\"elementor-container elementor-column-gap-default\">\n\t\t\t\t\t<div class=\"elementor-column elementor-col-100 elementor-top-column elementor-element elementor-element-5109f5c\" data-id=\"5109f5c\" data-element_type=\"column\">\n\t\t\t<div class=\"elementor-widget-wrap elementor-element-populated\">\n\t\t\t\t\t\t<div class=\"elementor-element elementor-element-f903863 elementor-widget elementor-widget-spacer\" data-id=\"f903863\" data-element_type=\"widget\" data-widget_type=\"spacer.default\">\n\t\t\t\t<div class=\"elementor-widget-container\">\n\t\t\t\t\t\t\t<div class=\"elementor-spacer\">\n\t\t\t<div class=\"elementor-spacer-inner\"><\/div>\n\t\t<\/div>\n\t\t\t\t\t\t<\/div>\n\t\t\t\t<\/div>\n\t\t\t\t\t<\/div>\n\t\t<\/div>\n\t\t\t\t\t<\/div>\n\t\t<\/section>\n\t\t\t\t<\/div>\n\t\t","protected":false},"excerpt":{"rendered":"<p>Samuel Germelus Samuel Germelus est n\u00e9 en 1991, quatri\u00e8me d&rsquo;une fratrie de sept enfants. Sa rencontre avec l&rsquo;association \u00ab&nbsp;Mille Visages&nbsp;\u00bb&nbsp;est d\u00e9terminante, car il d\u00e9couvre sa passion pour la r\u00e9alisation cin\u00e9matographique. En 2012,&nbsp;Samuel Germelus&nbsp;r\u00e9alise son premier court-m\u00e9trage, \u00ab Enjeu de rue \u00bb&nbsp;, qui lui vaut d&rsquo;\u00eatre laur\u00e9at des bourses de la Fondation France T\u00e9l\u00e9visions en 2014. [&hellip;]<\/p>\n","protected":false},"author":1,"featured_media":0,"parent":0,"menu_order":0,"comment_status":"closed","ping_status":"closed","template":"","meta":{"site-sidebar-layout":"no-sidebar","site-content-layout":"page-builder","ast-site-content-layout":"full-width-container","site-content-style":"default","site-sidebar-style":"default","ast-global-header-display":"","ast-banner-title-visibility":"","ast-main-header-display":"","ast-hfb-above-header-display":"","ast-hfb-below-header-display":"","ast-hfb-mobile-header-display":"","site-post-title":"disabled","ast-breadcrumbs-content":"","ast-featured-img":"disabled","footer-sml-layout":"","theme-transparent-header-meta":"","adv-header-id-meta":"","stick-header-meta":"","header-above-stick-meta":"","header-main-stick-meta":"","header-below-stick-meta":"","astra-migrate-meta-layouts":"set","ast-page-background-enabled":"default","ast-page-background-meta":{"desktop":{"background-color":"var(--ast-global-color-4)","background-image":"","background-repeat":"repeat","background-position":"center center","background-size":"auto","background-attachment":"scroll","background-type":"","background-media":"","overlay-type":"","overlay-color":"","overlay-opacity":"","overlay-gradient":""},"tablet":{"background-color":"","background-image":"","background-repeat":"repeat","background-position":"center center","background-size":"auto","background-attachment":"scroll","background-type":"","background-media":"","overlay-type":"","overlay-color":"","overlay-opacity":"","overlay-gradient":""},"mobile":{"background-color":"","background-image":"","background-repeat":"repeat","background-position":"center center","background-size":"auto","background-attachment":"scroll","background-type":"","background-media":"","overlay-type":"","overlay-color":"","overlay-opacity":"","overlay-gradient":""}},"ast-content-background-meta":{"desktop":{"background-color":"var(--ast-global-color-5)","background-image":"","background-repeat":"repeat","background-position":"center center","background-size":"auto","background-attachment":"scroll","background-type":"","background-media":"","overlay-type":"","overlay-color":"","overlay-opacity":"","overlay-gradient":""},"tablet":{"background-color":"var(--ast-global-color-5)","background-image":"","background-repeat":"repeat","background-position":"center center","background-size":"auto","background-attachment":"scroll","background-type":"","background-media":"","overlay-type":"","overlay-color":"","overlay-opacity":"","overlay-gradient":""},"mobile":{"background-color":"var(--ast-global-color-5)","background-image":"","background-repeat":"repeat","background-position":"center center","background-size":"auto","background-attachment":"scroll","background-type":"","background-media":"","overlay-type":"","overlay-color":"","overlay-opacity":"","overlay-gradient":""}},"footnotes":""},"class_list":["post-4653","page","type-page","status-publish","hentry"],"yoast_head":"<!-- This site is optimized with the Yoast SEO plugin v26.6 - https:\/\/yoast.com\/wordpress\/plugins\/seo\/ -->\n<title>4.1.5 - Artistes - Samuel Germelus -<\/title>\n<meta name=\"robots\" content=\"index, follow, max-snippet:-1, max-image-preview:large, max-video-preview:-1\" \/>\n<link rel=\"canonical\" href=\"https:\/\/asso-limagerie.fr\/index.php\/4-1-5-artistes-samuel-germelus\/\" \/>\n<meta property=\"og:locale\" content=\"fr_FR\" \/>\n<meta property=\"og:type\" content=\"article\" \/>\n<meta property=\"og:title\" content=\"4.1.5 - Artistes - Samuel Germelus -\" \/>\n<meta property=\"og:description\" content=\"Samuel Germelus Samuel Germelus est n\u00e9 en 1991, quatri\u00e8me d&rsquo;une fratrie de sept enfants. Sa rencontre avec l&rsquo;association \u00ab&nbsp;Mille Visages&nbsp;\u00bb&nbsp;est d\u00e9terminante, car il d\u00e9couvre sa passion pour la r\u00e9alisation cin\u00e9matographique. En 2012,&nbsp;Samuel Germelus&nbsp;r\u00e9alise son premier court-m\u00e9trage, \u00ab Enjeu de rue \u00bb&nbsp;, qui lui vaut d&rsquo;\u00eatre laur\u00e9at des bourses de la Fondation France T\u00e9l\u00e9visions en 2014. [&hellip;]\" \/>\n<meta property=\"og:url\" content=\"https:\/\/asso-limagerie.fr\/index.php\/4-1-5-artistes-samuel-germelus\/\" \/>\n<meta property=\"article:modified_time\" content=\"2025-02-28T03:43:22+00:00\" \/>\n<meta property=\"og:image\" content=\"https:\/\/asso-limagerie.fr\/wp-content\/uploads\/2025\/02\/portrait_SAMUEL-GERMELUS_limagerie_argenteuil.jpg\" \/>\n\t<meta property=\"og:image:width\" content=\"400\" \/>\n\t<meta property=\"og:image:height\" content=\"517\" \/>\n\t<meta property=\"og:image:type\" content=\"image\/jpeg\" \/>\n<meta name=\"twitter:card\" content=\"summary_large_image\" \/>\n<meta name=\"twitter:label1\" content=\"Dur\u00e9e de lecture estim\u00e9e\" \/>\n\t<meta name=\"twitter:data1\" content=\"2 minutes\" \/>\n<script type=\"application\/ld+json\" class=\"yoast-schema-graph\">{\"@context\":\"https:\/\/schema.org\",\"@graph\":[{\"@type\":\"WebPage\",\"@id\":\"https:\/\/asso-limagerie.fr\/index.php\/4-1-5-artistes-samuel-germelus\/\",\"url\":\"https:\/\/asso-limagerie.fr\/index.php\/4-1-5-artistes-samuel-germelus\/\",\"name\":\"4.1.5 - Artistes - Samuel Germelus -\",\"isPartOf\":{\"@id\":\"https:\/\/asso-limagerie.fr\/#website\"},\"primaryImageOfPage\":{\"@id\":\"https:\/\/asso-limagerie.fr\/index.php\/4-1-5-artistes-samuel-germelus\/#primaryimage\"},\"image\":{\"@id\":\"https:\/\/asso-limagerie.fr\/index.php\/4-1-5-artistes-samuel-germelus\/#primaryimage\"},\"thumbnailUrl\":\"https:\/\/asso-limagerie.fr\/wp-content\/uploads\/2025\/02\/portrait_SAMUEL-GERMELUS_limagerie_argenteuil.jpg\",\"datePublished\":\"2025-02-20T11:14:42+00:00\",\"dateModified\":\"2025-02-28T03:43:22+00:00\",\"breadcrumb\":{\"@id\":\"https:\/\/asso-limagerie.fr\/index.php\/4-1-5-artistes-samuel-germelus\/#breadcrumb\"},\"inLanguage\":\"fr-FR\",\"potentialAction\":[{\"@type\":\"ReadAction\",\"target\":[\"https:\/\/asso-limagerie.fr\/index.php\/4-1-5-artistes-samuel-germelus\/\"]}]},{\"@type\":\"ImageObject\",\"inLanguage\":\"fr-FR\",\"@id\":\"https:\/\/asso-limagerie.fr\/index.php\/4-1-5-artistes-samuel-germelus\/#primaryimage\",\"url\":\"https:\/\/asso-limagerie.fr\/wp-content\/uploads\/2025\/02\/portrait_SAMUEL-GERMELUS_limagerie_argenteuil.jpg\",\"contentUrl\":\"https:\/\/asso-limagerie.fr\/wp-content\/uploads\/2025\/02\/portrait_SAMUEL-GERMELUS_limagerie_argenteuil.jpg\",\"width\":400,\"height\":517,\"caption\":\"Screenshot\"},{\"@type\":\"BreadcrumbList\",\"@id\":\"https:\/\/asso-limagerie.fr\/index.php\/4-1-5-artistes-samuel-germelus\/#breadcrumb\",\"itemListElement\":[{\"@type\":\"ListItem\",\"position\":1,\"name\":\"Accueil\",\"item\":\"https:\/\/asso-limagerie.fr\/\"},{\"@type\":\"ListItem\",\"position\":2,\"name\":\"4.1.5 &#8211; Artistes &#8211; Samuel Germelus\"}]},{\"@type\":\"WebSite\",\"@id\":\"https:\/\/asso-limagerie.fr\/#website\",\"url\":\"https:\/\/asso-limagerie.fr\/\",\"name\":\"\",\"description\":\"\",\"potentialAction\":[{\"@type\":\"SearchAction\",\"target\":{\"@type\":\"EntryPoint\",\"urlTemplate\":\"https:\/\/asso-limagerie.fr\/?s={search_term_string}\"},\"query-input\":{\"@type\":\"PropertyValueSpecification\",\"valueRequired\":true,\"valueName\":\"search_term_string\"}}],\"inLanguage\":\"fr-FR\"}]}<\/script>\n<!-- \/ Yoast SEO plugin. -->","yoast_head_json":{"title":"4.1.5 - Artistes - Samuel Germelus -","robots":{"index":"index","follow":"follow","max-snippet":"max-snippet:-1","max-image-preview":"max-image-preview:large","max-video-preview":"max-video-preview:-1"},"canonical":"https:\/\/asso-limagerie.fr\/index.php\/4-1-5-artistes-samuel-germelus\/","og_locale":"fr_FR","og_type":"article","og_title":"4.1.5 - Artistes - Samuel Germelus -","og_description":"Samuel Germelus Samuel Germelus est n\u00e9 en 1991, quatri\u00e8me d&rsquo;une fratrie de sept enfants. Sa rencontre avec l&rsquo;association \u00ab&nbsp;Mille Visages&nbsp;\u00bb&nbsp;est d\u00e9terminante, car il d\u00e9couvre sa passion pour la r\u00e9alisation cin\u00e9matographique. En 2012,&nbsp;Samuel Germelus&nbsp;r\u00e9alise son premier court-m\u00e9trage, \u00ab Enjeu de rue \u00bb&nbsp;, qui lui vaut d&rsquo;\u00eatre laur\u00e9at des bourses de la Fondation France T\u00e9l\u00e9visions en 2014. [&hellip;]","og_url":"https:\/\/asso-limagerie.fr\/index.php\/4-1-5-artistes-samuel-germelus\/","article_modified_time":"2025-02-28T03:43:22+00:00","og_image":[{"width":400,"height":517,"url":"https:\/\/asso-limagerie.fr\/wp-content\/uploads\/2025\/02\/portrait_SAMUEL-GERMELUS_limagerie_argenteuil.jpg","type":"image\/jpeg"}],"twitter_card":"summary_large_image","twitter_misc":{"Dur\u00e9e de lecture estim\u00e9e":"2 minutes"},"schema":{"@context":"https:\/\/schema.org","@graph":[{"@type":"WebPage","@id":"https:\/\/asso-limagerie.fr\/index.php\/4-1-5-artistes-samuel-germelus\/","url":"https:\/\/asso-limagerie.fr\/index.php\/4-1-5-artistes-samuel-germelus\/","name":"4.1.5 - Artistes - Samuel Germelus -","isPartOf":{"@id":"https:\/\/asso-limagerie.fr\/#website"},"primaryImageOfPage":{"@id":"https:\/\/asso-limagerie.fr\/index.php\/4-1-5-artistes-samuel-germelus\/#primaryimage"},"image":{"@id":"https:\/\/asso-limagerie.fr\/index.php\/4-1-5-artistes-samuel-germelus\/#primaryimage"},"thumbnailUrl":"https:\/\/asso-limagerie.fr\/wp-content\/uploads\/2025\/02\/portrait_SAMUEL-GERMELUS_limagerie_argenteuil.jpg","datePublished":"2025-02-20T11:14:42+00:00","dateModified":"2025-02-28T03:43:22+00:00","breadcrumb":{"@id":"https:\/\/asso-limagerie.fr\/index.php\/4-1-5-artistes-samuel-germelus\/#breadcrumb"},"inLanguage":"fr-FR","potentialAction":[{"@type":"ReadAction","target":["https:\/\/asso-limagerie.fr\/index.php\/4-1-5-artistes-samuel-germelus\/"]}]},{"@type":"ImageObject","inLanguage":"fr-FR","@id":"https:\/\/asso-limagerie.fr\/index.php\/4-1-5-artistes-samuel-germelus\/#primaryimage","url":"https:\/\/asso-limagerie.fr\/wp-content\/uploads\/2025\/02\/portrait_SAMUEL-GERMELUS_limagerie_argenteuil.jpg","contentUrl":"https:\/\/asso-limagerie.fr\/wp-content\/uploads\/2025\/02\/portrait_SAMUEL-GERMELUS_limagerie_argenteuil.jpg","width":400,"height":517,"caption":"Screenshot"},{"@type":"BreadcrumbList","@id":"https:\/\/asso-limagerie.fr\/index.php\/4-1-5-artistes-samuel-germelus\/#breadcrumb","itemListElement":[{"@type":"ListItem","position":1,"name":"Accueil","item":"https:\/\/asso-limagerie.fr\/"},{"@type":"ListItem","position":2,"name":"4.1.5 &#8211; Artistes &#8211; Samuel Germelus"}]},{"@type":"WebSite","@id":"https:\/\/asso-limagerie.fr\/#website","url":"https:\/\/asso-limagerie.fr\/","name":"","description":"","potentialAction":[{"@type":"SearchAction","target":{"@type":"EntryPoint","urlTemplate":"https:\/\/asso-limagerie.fr\/?s={search_term_string}"},"query-input":{"@type":"PropertyValueSpecification","valueRequired":true,"valueName":"search_term_string"}}],"inLanguage":"fr-FR"}]}},"_links":{"self":[{"href":"https:\/\/asso-limagerie.fr\/index.php\/wp-json\/wp\/v2\/pages\/4653","targetHints":{"allow":["GET"]}}],"collection":[{"href":"https:\/\/asso-limagerie.fr\/index.php\/wp-json\/wp\/v2\/pages"}],"about":[{"href":"https:\/\/asso-limagerie.fr\/index.php\/wp-json\/wp\/v2\/types\/page"}],"author":[{"embeddable":true,"href":"https:\/\/asso-limagerie.fr\/index.php\/wp-json\/wp\/v2\/users\/1"}],"replies":[{"embeddable":true,"href":"https:\/\/asso-limagerie.fr\/index.php\/wp-json\/wp\/v2\/comments?post=4653"}],"version-history":[{"count":25,"href":"https:\/\/asso-limagerie.fr\/index.php\/wp-json\/wp\/v2\/pages\/4653\/revisions"}],"predecessor-version":[{"id":5721,"href":"https:\/\/asso-limagerie.fr\/index.php\/wp-json\/wp\/v2\/pages\/4653\/revisions\/5721"}],"wp:attachment":[{"href":"https:\/\/asso-limagerie.fr\/index.php\/wp-json\/wp\/v2\/media?parent=4653"}],"curies":[{"name":"wp","href":"https:\/\/api.w.org\/{rel}","templated":true}]}}