{"id":4674,"date":"2025-02-20T12:26:59","date_gmt":"2025-02-20T11:26:59","guid":{"rendered":"https:\/\/asso-limagerie.fr\/?page_id=4674"},"modified":"2025-02-27T12:59:01","modified_gmt":"2025-02-27T11:59:01","slug":"4-1-14-artistes-brian-cougar","status":"publish","type":"page","link":"https:\/\/asso-limagerie.fr\/index.php\/4-1-14-artistes-brian-cougar\/","title":{"rendered":"4.1.14 &#8211; Artistes &#8211; Brian Cougar"},"content":{"rendered":"\t\t<div data-elementor-type=\"wp-page\" data-elementor-id=\"4674\" class=\"elementor elementor-4674\">\n\t\t\t\t\t\t<section class=\"elementor-section elementor-top-section elementor-element elementor-element-45694f9 elementor-section-boxed elementor-section-height-default elementor-section-height-default\" data-id=\"45694f9\" data-element_type=\"section\">\n\t\t\t\t\t\t<div class=\"elementor-container elementor-column-gap-default\">\n\t\t\t\t\t<div class=\"elementor-column elementor-col-100 elementor-top-column elementor-element elementor-element-25ea9b5\" data-id=\"25ea9b5\" data-element_type=\"column\">\n\t\t\t<div class=\"elementor-widget-wrap elementor-element-populated\">\n\t\t\t\t\t\t<div class=\"elementor-element elementor-element-839535c elementor-widget elementor-widget-spacer\" data-id=\"839535c\" data-element_type=\"widget\" data-widget_type=\"spacer.default\">\n\t\t\t\t<div class=\"elementor-widget-container\">\n\t\t\t\t\t\t\t<div class=\"elementor-spacer\">\n\t\t\t<div class=\"elementor-spacer-inner\"><\/div>\n\t\t<\/div>\n\t\t\t\t\t\t<\/div>\n\t\t\t\t<\/div>\n\t\t\t\t\t<\/div>\n\t\t<\/div>\n\t\t\t\t\t<\/div>\n\t\t<\/section>\n\t\t\t\t<section class=\"elementor-section elementor-top-section elementor-element elementor-element-4219e24 elementor-section-boxed elementor-section-height-default elementor-section-height-default\" data-id=\"4219e24\" data-element_type=\"section\" data-settings=\"{&quot;background_background&quot;:&quot;gradient&quot;}\">\n\t\t\t\t\t\t<div class=\"elementor-container elementor-column-gap-default\">\n\t\t\t\t\t<div class=\"elementor-column elementor-col-100 elementor-top-column elementor-element elementor-element-3ed3119\" data-id=\"3ed3119\" data-element_type=\"column\">\n\t\t\t<div class=\"elementor-widget-wrap elementor-element-populated\">\n\t\t\t\t\t\t<div class=\"elementor-element elementor-element-95602e5 elementor-widget elementor-widget-heading\" data-id=\"95602e5\" data-element_type=\"widget\" data-widget_type=\"heading.default\">\n\t\t\t\t<div class=\"elementor-widget-container\">\n\t\t\t\t\t<h2 class=\"elementor-heading-title elementor-size-default\">Brian Cougar<\/h2>\t\t\t\t<\/div>\n\t\t\t\t<\/div>\n\t\t\t\t<div class=\"elementor-element elementor-element-ad23f7e elementor-widget-divider--view-line elementor-widget elementor-widget-divider\" data-id=\"ad23f7e\" data-element_type=\"widget\" data-widget_type=\"divider.default\">\n\t\t\t\t<div class=\"elementor-widget-container\">\n\t\t\t\t\t\t\t<div class=\"elementor-divider\">\n\t\t\t<span class=\"elementor-divider-separator\">\n\t\t\t\t\t\t<\/span>\n\t\t<\/div>\n\t\t\t\t\t\t<\/div>\n\t\t\t\t<\/div>\n\t\t\t\t<section class=\"elementor-section elementor-inner-section elementor-element elementor-element-b8a1895 elementor-section-boxed elementor-section-height-default elementor-section-height-default\" data-id=\"b8a1895\" data-element_type=\"section\">\n\t\t\t\t\t\t<div class=\"elementor-container elementor-column-gap-default\">\n\t\t\t\t\t<div class=\"elementor-column elementor-col-50 elementor-inner-column elementor-element elementor-element-bdb0501\" data-id=\"bdb0501\" data-element_type=\"column\">\n\t\t\t<div class=\"elementor-widget-wrap elementor-element-populated\">\n\t\t\t\t\t\t<div class=\"elementor-element elementor-element-f9c941a elementor-widget elementor-widget-image\" data-id=\"f9c941a\" data-element_type=\"widget\" data-widget_type=\"image.default\">\n\t\t\t\t<div class=\"elementor-widget-container\">\n\t\t\t\t\t\t\t\t\t\t\t\t\t\t\t<img fetchpriority=\"high\" decoding=\"async\" width=\"400\" height=\"517\" src=\"https:\/\/asso-limagerie.fr\/wp-content\/uploads\/2025\/02\/portrait_brian-cougar_limagerie_argenteuil.jpg\" class=\"attachment-large size-large wp-image-4734\" alt=\"\" srcset=\"https:\/\/asso-limagerie.fr\/wp-content\/uploads\/2025\/02\/portrait_brian-cougar_limagerie_argenteuil.jpg 400w, https:\/\/asso-limagerie.fr\/wp-content\/uploads\/2025\/02\/portrait_brian-cougar_limagerie_argenteuil-232x300.jpg 232w\" sizes=\"(max-width: 400px) 100vw, 400px\" \/>\t\t\t\t\t\t\t\t\t\t\t\t\t\t\t<\/div>\n\t\t\t\t<\/div>\n\t\t\t\t\t<\/div>\n\t\t<\/div>\n\t\t\t\t<div class=\"elementor-column elementor-col-50 elementor-inner-column elementor-element elementor-element-5320aa9\" data-id=\"5320aa9\" data-element_type=\"column\">\n\t\t\t<div class=\"elementor-widget-wrap elementor-element-populated\">\n\t\t\t\t\t\t<div class=\"elementor-element elementor-element-5b07d23 elementor-widget elementor-widget-text-editor\" data-id=\"5b07d23\" data-element_type=\"widget\" data-widget_type=\"text-editor.default\">\n\t\t\t\t<div class=\"elementor-widget-container\">\n\t\t\t\t\t\t\t\t\t<p>Graphiste et s\u00e9rigraphe depuis plus de 10 ans, Brian Cougar est issu la sc\u00e8ne punk hardcore DIY, au sein de laquelle il a r\u00e9alis\u00e9 de nombreuses affiches de concerts pour des groupes comme Converge, Cult of Luna, Will Haven. Il s\u00e9rigraphie \u00e9galement des pochettes de disques vinyles. De plus en plus sollicit\u00e9, il con\u00e7oit d\u00e9sormais des affiches pour des salles de concert et des festivals comme Pitchfork Festival, Rock en Seine, Hellfest. Son \u0153il s\u2019est nourri gr\u00e2ce \u00e0 la richesse de cette imagerie foisonnante. Sa patte est franche, sans chichi, ni superflu. Avec un style \u00e9pur\u00e9 et efficace Brian Cougar sait trouver l\u2019\u00e9quilibre parfait entre contrastes, lignes et mati\u00e8res. Mais pas seulement, puisqu\u2019il sait aussi transmettre sa passion et son savoir-faire \u00e0 travers de nombreux ateliers comme au Mus\u00e9e de la Chasse et de la Nature, la Cit\u00e9 de la Villette ou encore la Ga\u00eet\u00e9 Lyrique.<\/p>\t\t\t\t\t\t\t\t<\/div>\n\t\t\t\t<\/div>\n\t\t\t\t\t<\/div>\n\t\t<\/div>\n\t\t\t\t\t<\/div>\n\t\t<\/section>\n\t\t\t\t\t<\/div>\n\t\t<\/div>\n\t\t\t\t\t<\/div>\n\t\t<\/section>\n\t\t\t\t<section class=\"elementor-section elementor-top-section elementor-element elementor-element-467d8f3 elementor-section-boxed elementor-section-height-default elementor-section-height-default\" data-id=\"467d8f3\" data-element_type=\"section\">\n\t\t\t\t\t\t<div class=\"elementor-container elementor-column-gap-default\">\n\t\t\t\t\t<div class=\"elementor-column elementor-col-25 elementor-top-column elementor-element elementor-element-b248691\" data-id=\"b248691\" data-element_type=\"column\">\n\t\t\t<div class=\"elementor-widget-wrap elementor-element-populated\">\n\t\t\t\t\t\t<div class=\"elementor-element elementor-element-339ced7 elementor-widget elementor-widget-image\" data-id=\"339ced7\" data-element_type=\"widget\" data-widget_type=\"image.default\">\n\t\t\t\t<div class=\"elementor-widget-container\">\n\t\t\t\t\t\t\t\t\t\t\t\t\t\t\t<img decoding=\"async\" width=\"526\" height=\"737\" src=\"https:\/\/asso-limagerie.fr\/wp-content\/uploads\/2025\/02\/BRIAN-COUGAR_limagerie.argenteuil-4.jpg\" class=\"attachment-large size-large wp-image-5133\" alt=\"\" srcset=\"https:\/\/asso-limagerie.fr\/wp-content\/uploads\/2025\/02\/BRIAN-COUGAR_limagerie.argenteuil-4.jpg 526w, https:\/\/asso-limagerie.fr\/wp-content\/uploads\/2025\/02\/BRIAN-COUGAR_limagerie.argenteuil-4-214x300.jpg 214w\" sizes=\"(max-width: 526px) 100vw, 526px\" \/>\t\t\t\t\t\t\t\t\t\t\t\t\t\t\t<\/div>\n\t\t\t\t<\/div>\n\t\t\t\t\t<\/div>\n\t\t<\/div>\n\t\t\t\t<div class=\"elementor-column elementor-col-25 elementor-top-column elementor-element elementor-element-7d2e896\" data-id=\"7d2e896\" data-element_type=\"column\">\n\t\t\t<div class=\"elementor-widget-wrap elementor-element-populated\">\n\t\t\t\t\t\t<div class=\"elementor-element elementor-element-413ad0f elementor-widget elementor-widget-image\" data-id=\"413ad0f\" data-element_type=\"widget\" data-widget_type=\"image.default\">\n\t\t\t\t<div class=\"elementor-widget-container\">\n\t\t\t\t\t\t\t\t\t\t\t\t\t\t\t<img decoding=\"async\" width=\"526\" height=\"737\" src=\"https:\/\/asso-limagerie.fr\/wp-content\/uploads\/2025\/02\/BRIAN-COUGAR_limagerie.argenteuil-3.jpg\" class=\"attachment-large size-large wp-image-5135\" alt=\"\" srcset=\"https:\/\/asso-limagerie.fr\/wp-content\/uploads\/2025\/02\/BRIAN-COUGAR_limagerie.argenteuil-3.jpg 526w, https:\/\/asso-limagerie.fr\/wp-content\/uploads\/2025\/02\/BRIAN-COUGAR_limagerie.argenteuil-3-214x300.jpg 214w\" sizes=\"(max-width: 526px) 100vw, 526px\" \/>\t\t\t\t\t\t\t\t\t\t\t\t\t\t\t<\/div>\n\t\t\t\t<\/div>\n\t\t\t\t\t<\/div>\n\t\t<\/div>\n\t\t\t\t<div class=\"elementor-column elementor-col-25 elementor-top-column elementor-element elementor-element-718fcc6\" data-id=\"718fcc6\" data-element_type=\"column\">\n\t\t\t<div class=\"elementor-widget-wrap elementor-element-populated\">\n\t\t\t\t\t\t<div class=\"elementor-element elementor-element-e46a8fc elementor-widget elementor-widget-image\" data-id=\"e46a8fc\" data-element_type=\"widget\" data-widget_type=\"image.default\">\n\t\t\t\t<div class=\"elementor-widget-container\">\n\t\t\t\t\t\t\t\t\t\t\t\t\t\t\t<img loading=\"lazy\" decoding=\"async\" width=\"526\" height=\"737\" src=\"https:\/\/asso-limagerie.fr\/wp-content\/uploads\/2025\/02\/BRIAN-COUGAR_limagerie.argenteuil-2.jpg\" class=\"attachment-large size-large wp-image-5134\" alt=\"\" srcset=\"https:\/\/asso-limagerie.fr\/wp-content\/uploads\/2025\/02\/BRIAN-COUGAR_limagerie.argenteuil-2.jpg 526w, https:\/\/asso-limagerie.fr\/wp-content\/uploads\/2025\/02\/BRIAN-COUGAR_limagerie.argenteuil-2-214x300.jpg 214w\" sizes=\"(max-width: 526px) 100vw, 526px\" \/>\t\t\t\t\t\t\t\t\t\t\t\t\t\t\t<\/div>\n\t\t\t\t<\/div>\n\t\t\t\t\t<\/div>\n\t\t<\/div>\n\t\t\t\t<div class=\"elementor-column elementor-col-25 elementor-top-column elementor-element elementor-element-80f218f\" data-id=\"80f218f\" data-element_type=\"column\">\n\t\t\t<div class=\"elementor-widget-wrap elementor-element-populated\">\n\t\t\t\t\t\t<div class=\"elementor-element elementor-element-0e5e100 elementor-widget elementor-widget-image\" data-id=\"0e5e100\" data-element_type=\"widget\" data-widget_type=\"image.default\">\n\t\t\t\t<div class=\"elementor-widget-container\">\n\t\t\t\t\t\t\t\t\t\t\t\t\t\t\t<img loading=\"lazy\" decoding=\"async\" width=\"526\" height=\"737\" src=\"https:\/\/asso-limagerie.fr\/wp-content\/uploads\/2025\/02\/BRIAN-COUGAR_limagerie.argenteuil-4-1.jpg\" class=\"attachment-large size-large wp-image-5137\" alt=\"\" srcset=\"https:\/\/asso-limagerie.fr\/wp-content\/uploads\/2025\/02\/BRIAN-COUGAR_limagerie.argenteuil-4-1.jpg 526w, https:\/\/asso-limagerie.fr\/wp-content\/uploads\/2025\/02\/BRIAN-COUGAR_limagerie.argenteuil-4-1-214x300.jpg 214w\" sizes=\"(max-width: 526px) 100vw, 526px\" \/>\t\t\t\t\t\t\t\t\t\t\t\t\t\t\t<\/div>\n\t\t\t\t<\/div>\n\t\t\t\t\t<\/div>\n\t\t<\/div>\n\t\t\t\t\t<\/div>\n\t\t<\/section>\n\t\t\t\t<section class=\"elementor-section elementor-top-section elementor-element elementor-element-01ccbe4 elementor-section-boxed elementor-section-height-default elementor-section-height-default\" data-id=\"01ccbe4\" data-element_type=\"section\">\n\t\t\t\t\t\t<div class=\"elementor-container elementor-column-gap-default\">\n\t\t\t\t\t<div class=\"elementor-column elementor-col-100 elementor-top-column elementor-element elementor-element-5aeaa5d\" data-id=\"5aeaa5d\" data-element_type=\"column\">\n\t\t\t<div class=\"elementor-widget-wrap\">\n\t\t\t\t\t\t\t<\/div>\n\t\t<\/div>\n\t\t\t\t\t<\/div>\n\t\t<\/section>\n\t\t\t\t<section class=\"elementor-section elementor-top-section elementor-element elementor-element-59747f4 elementor-section-boxed elementor-section-height-default elementor-section-height-default\" data-id=\"59747f4\" data-element_type=\"section\">\n\t\t\t\t\t\t<div class=\"elementor-container elementor-column-gap-default\">\n\t\t\t\t\t<div class=\"elementor-column elementor-col-100 elementor-top-column elementor-element elementor-element-5ef0d8f\" data-id=\"5ef0d8f\" data-element_type=\"column\">\n\t\t\t<div class=\"elementor-widget-wrap elementor-element-populated\">\n\t\t\t\t\t\t<div class=\"elementor-element elementor-element-6ce20ec elementor-widget elementor-widget-video\" data-id=\"6ce20ec\" data-element_type=\"widget\" data-settings=\"{&quot;youtube_url&quot;:&quot;https:\\\/\\\/youtu.be\\\/pB5LHFobTMQ?si=zMhdCr2tA2SBYgxp&quot;,&quot;video_type&quot;:&quot;youtube&quot;,&quot;controls&quot;:&quot;yes&quot;}\" data-widget_type=\"video.default\">\n\t\t\t\t<div class=\"elementor-widget-container\">\n\t\t\t\t\t\t\t<div class=\"elementor-wrapper elementor-open-inline\">\n\t\t\t<div class=\"elementor-video\"><\/div>\t\t<\/div>\n\t\t\t\t\t\t<\/div>\n\t\t\t\t<\/div>\n\t\t\t\t<div class=\"elementor-element elementor-element-009936b elementor-widget elementor-widget-spacer\" data-id=\"009936b\" data-element_type=\"widget\" data-widget_type=\"spacer.default\">\n\t\t\t\t<div class=\"elementor-widget-container\">\n\t\t\t\t\t\t\t<div class=\"elementor-spacer\">\n\t\t\t<div class=\"elementor-spacer-inner\"><\/div>\n\t\t<\/div>\n\t\t\t\t\t\t<\/div>\n\t\t\t\t<\/div>\n\t\t\t\t\t<\/div>\n\t\t<\/div>\n\t\t\t\t\t<\/div>\n\t\t<\/section>\n\t\t\t\t<section class=\"elementor-section elementor-top-section elementor-element elementor-element-ba66d59 elementor-section-boxed elementor-section-height-default elementor-section-height-default\" data-id=\"ba66d59\" data-element_type=\"section\">\n\t\t\t\t\t\t<div class=\"elementor-container elementor-column-gap-default\">\n\t\t\t\t\t<div class=\"elementor-column elementor-col-100 elementor-top-column elementor-element elementor-element-7af4908\" data-id=\"7af4908\" data-element_type=\"column\">\n\t\t\t<div class=\"elementor-widget-wrap elementor-element-populated\">\n\t\t\t\t\t\t<div class=\"elementor-element elementor-element-b20101f elementor-widget elementor-widget-spacer\" data-id=\"b20101f\" data-element_type=\"widget\" data-widget_type=\"spacer.default\">\n\t\t\t\t<div class=\"elementor-widget-container\">\n\t\t\t\t\t\t\t<div class=\"elementor-spacer\">\n\t\t\t<div class=\"elementor-spacer-inner\"><\/div>\n\t\t<\/div>\n\t\t\t\t\t\t<\/div>\n\t\t\t\t<\/div>\n\t\t\t\t\t<\/div>\n\t\t<\/div>\n\t\t\t\t\t<\/div>\n\t\t<\/section>\n\t\t\t\t<\/div>\n\t\t","protected":false},"excerpt":{"rendered":"<p>Brian Cougar Graphiste et s\u00e9rigraphe depuis plus de 10 ans, Brian Cougar est issu la sc\u00e8ne punk hardcore DIY, au sein de laquelle il a r\u00e9alis\u00e9 de nombreuses affiches de concerts pour des groupes comme Converge, Cult of Luna, Will Haven. Il s\u00e9rigraphie \u00e9galement des pochettes de disques vinyles. De plus en plus sollicit\u00e9, il [&hellip;]<\/p>\n","protected":false},"author":1,"featured_media":0,"parent":0,"menu_order":0,"comment_status":"closed","ping_status":"closed","template":"","meta":{"site-sidebar-layout":"no-sidebar","site-content-layout":"page-builder","ast-site-content-layout":"full-width-container","site-content-style":"default","site-sidebar-style":"default","ast-global-header-display":"","ast-banner-title-visibility":"","ast-main-header-display":"","ast-hfb-above-header-display":"","ast-hfb-below-header-display":"","ast-hfb-mobile-header-display":"","site-post-title":"disabled","ast-breadcrumbs-content":"","ast-featured-img":"disabled","footer-sml-layout":"","theme-transparent-header-meta":"","adv-header-id-meta":"","stick-header-meta":"","header-above-stick-meta":"","header-main-stick-meta":"","header-below-stick-meta":"","astra-migrate-meta-layouts":"set","ast-page-background-enabled":"default","ast-page-background-meta":{"desktop":{"background-color":"var(--ast-global-color-4)","background-image":"","background-repeat":"repeat","background-position":"center center","background-size":"auto","background-attachment":"scroll","background-type":"","background-media":"","overlay-type":"","overlay-color":"","overlay-opacity":"","overlay-gradient":""},"tablet":{"background-color":"","background-image":"","background-repeat":"repeat","background-position":"center center","background-size":"auto","background-attachment":"scroll","background-type":"","background-media":"","overlay-type":"","overlay-color":"","overlay-opacity":"","overlay-gradient":""},"mobile":{"background-color":"","background-image":"","background-repeat":"repeat","background-position":"center center","background-size":"auto","background-attachment":"scroll","background-type":"","background-media":"","overlay-type":"","overlay-color":"","overlay-opacity":"","overlay-gradient":""}},"ast-content-background-meta":{"desktop":{"background-color":"var(--ast-global-color-5)","background-image":"","background-repeat":"repeat","background-position":"center center","background-size":"auto","background-attachment":"scroll","background-type":"","background-media":"","overlay-type":"","overlay-color":"","overlay-opacity":"","overlay-gradient":""},"tablet":{"background-color":"var(--ast-global-color-5)","background-image":"","background-repeat":"repeat","background-position":"center center","background-size":"auto","background-attachment":"scroll","background-type":"","background-media":"","overlay-type":"","overlay-color":"","overlay-opacity":"","overlay-gradient":""},"mobile":{"background-color":"var(--ast-global-color-5)","background-image":"","background-repeat":"repeat","background-position":"center center","background-size":"auto","background-attachment":"scroll","background-type":"","background-media":"","overlay-type":"","overlay-color":"","overlay-opacity":"","overlay-gradient":""}},"footnotes":""},"class_list":["post-4674","page","type-page","status-publish","hentry"],"yoast_head":"<!-- This site is optimized with the Yoast SEO plugin v26.6 - https:\/\/yoast.com\/wordpress\/plugins\/seo\/ -->\n<title>4.1.14 - Artistes - Brian Cougar -<\/title>\n<meta name=\"robots\" content=\"index, follow, max-snippet:-1, max-image-preview:large, max-video-preview:-1\" \/>\n<link rel=\"canonical\" href=\"https:\/\/asso-limagerie.fr\/index.php\/4-1-14-artistes-brian-cougar\/\" \/>\n<meta property=\"og:locale\" content=\"fr_FR\" \/>\n<meta property=\"og:type\" content=\"article\" \/>\n<meta property=\"og:title\" content=\"4.1.14 - Artistes - Brian Cougar -\" \/>\n<meta property=\"og:description\" content=\"Brian Cougar Graphiste et s\u00e9rigraphe depuis plus de 10 ans, Brian Cougar est issu la sc\u00e8ne punk hardcore DIY, au sein de laquelle il a r\u00e9alis\u00e9 de nombreuses affiches de concerts pour des groupes comme Converge, Cult of Luna, Will Haven. Il s\u00e9rigraphie \u00e9galement des pochettes de disques vinyles. De plus en plus sollicit\u00e9, il [&hellip;]\" \/>\n<meta property=\"og:url\" content=\"https:\/\/asso-limagerie.fr\/index.php\/4-1-14-artistes-brian-cougar\/\" \/>\n<meta property=\"article:modified_time\" content=\"2025-02-27T11:59:01+00:00\" \/>\n<meta property=\"og:image\" content=\"https:\/\/asso-limagerie.fr\/wp-content\/uploads\/2025\/02\/portrait_brian-cougar_limagerie_argenteuil.jpg\" \/>\n<meta name=\"twitter:card\" content=\"summary_large_image\" \/>\n<script type=\"application\/ld+json\" class=\"yoast-schema-graph\">{\"@context\":\"https:\/\/schema.org\",\"@graph\":[{\"@type\":\"WebPage\",\"@id\":\"https:\/\/asso-limagerie.fr\/index.php\/4-1-14-artistes-brian-cougar\/\",\"url\":\"https:\/\/asso-limagerie.fr\/index.php\/4-1-14-artistes-brian-cougar\/\",\"name\":\"4.1.14 - Artistes - Brian Cougar -\",\"isPartOf\":{\"@id\":\"https:\/\/asso-limagerie.fr\/#website\"},\"primaryImageOfPage\":{\"@id\":\"https:\/\/asso-limagerie.fr\/index.php\/4-1-14-artistes-brian-cougar\/#primaryimage\"},\"image\":{\"@id\":\"https:\/\/asso-limagerie.fr\/index.php\/4-1-14-artistes-brian-cougar\/#primaryimage\"},\"thumbnailUrl\":\"https:\/\/asso-limagerie.fr\/wp-content\/uploads\/2025\/02\/portrait_brian-cougar_limagerie_argenteuil.jpg\",\"datePublished\":\"2025-02-20T11:26:59+00:00\",\"dateModified\":\"2025-02-27T11:59:01+00:00\",\"breadcrumb\":{\"@id\":\"https:\/\/asso-limagerie.fr\/index.php\/4-1-14-artistes-brian-cougar\/#breadcrumb\"},\"inLanguage\":\"fr-FR\",\"potentialAction\":[{\"@type\":\"ReadAction\",\"target\":[\"https:\/\/asso-limagerie.fr\/index.php\/4-1-14-artistes-brian-cougar\/\"]}]},{\"@type\":\"ImageObject\",\"inLanguage\":\"fr-FR\",\"@id\":\"https:\/\/asso-limagerie.fr\/index.php\/4-1-14-artistes-brian-cougar\/#primaryimage\",\"url\":\"https:\/\/asso-limagerie.fr\/wp-content\/uploads\/2025\/02\/portrait_brian-cougar_limagerie_argenteuil.jpg\",\"contentUrl\":\"https:\/\/asso-limagerie.fr\/wp-content\/uploads\/2025\/02\/portrait_brian-cougar_limagerie_argenteuil.jpg\",\"width\":400,\"height\":517,\"caption\":\"Screenshot\"},{\"@type\":\"BreadcrumbList\",\"@id\":\"https:\/\/asso-limagerie.fr\/index.php\/4-1-14-artistes-brian-cougar\/#breadcrumb\",\"itemListElement\":[{\"@type\":\"ListItem\",\"position\":1,\"name\":\"Accueil\",\"item\":\"https:\/\/asso-limagerie.fr\/\"},{\"@type\":\"ListItem\",\"position\":2,\"name\":\"4.1.14 &#8211; Artistes &#8211; Brian Cougar\"}]},{\"@type\":\"WebSite\",\"@id\":\"https:\/\/asso-limagerie.fr\/#website\",\"url\":\"https:\/\/asso-limagerie.fr\/\",\"name\":\"\",\"description\":\"\",\"potentialAction\":[{\"@type\":\"SearchAction\",\"target\":{\"@type\":\"EntryPoint\",\"urlTemplate\":\"https:\/\/asso-limagerie.fr\/?s={search_term_string}\"},\"query-input\":{\"@type\":\"PropertyValueSpecification\",\"valueRequired\":true,\"valueName\":\"search_term_string\"}}],\"inLanguage\":\"fr-FR\"}]}<\/script>\n<!-- \/ Yoast SEO plugin. -->","yoast_head_json":{"title":"4.1.14 - Artistes - Brian Cougar -","robots":{"index":"index","follow":"follow","max-snippet":"max-snippet:-1","max-image-preview":"max-image-preview:large","max-video-preview":"max-video-preview:-1"},"canonical":"https:\/\/asso-limagerie.fr\/index.php\/4-1-14-artistes-brian-cougar\/","og_locale":"fr_FR","og_type":"article","og_title":"4.1.14 - Artistes - Brian Cougar -","og_description":"Brian Cougar Graphiste et s\u00e9rigraphe depuis plus de 10 ans, Brian Cougar est issu la sc\u00e8ne punk hardcore DIY, au sein de laquelle il a r\u00e9alis\u00e9 de nombreuses affiches de concerts pour des groupes comme Converge, Cult of Luna, Will Haven. Il s\u00e9rigraphie \u00e9galement des pochettes de disques vinyles. De plus en plus sollicit\u00e9, il [&hellip;]","og_url":"https:\/\/asso-limagerie.fr\/index.php\/4-1-14-artistes-brian-cougar\/","article_modified_time":"2025-02-27T11:59:01+00:00","og_image":[{"url":"https:\/\/asso-limagerie.fr\/wp-content\/uploads\/2025\/02\/portrait_brian-cougar_limagerie_argenteuil.jpg","type":"","width":"","height":""}],"twitter_card":"summary_large_image","schema":{"@context":"https:\/\/schema.org","@graph":[{"@type":"WebPage","@id":"https:\/\/asso-limagerie.fr\/index.php\/4-1-14-artistes-brian-cougar\/","url":"https:\/\/asso-limagerie.fr\/index.php\/4-1-14-artistes-brian-cougar\/","name":"4.1.14 - Artistes - Brian Cougar -","isPartOf":{"@id":"https:\/\/asso-limagerie.fr\/#website"},"primaryImageOfPage":{"@id":"https:\/\/asso-limagerie.fr\/index.php\/4-1-14-artistes-brian-cougar\/#primaryimage"},"image":{"@id":"https:\/\/asso-limagerie.fr\/index.php\/4-1-14-artistes-brian-cougar\/#primaryimage"},"thumbnailUrl":"https:\/\/asso-limagerie.fr\/wp-content\/uploads\/2025\/02\/portrait_brian-cougar_limagerie_argenteuil.jpg","datePublished":"2025-02-20T11:26:59+00:00","dateModified":"2025-02-27T11:59:01+00:00","breadcrumb":{"@id":"https:\/\/asso-limagerie.fr\/index.php\/4-1-14-artistes-brian-cougar\/#breadcrumb"},"inLanguage":"fr-FR","potentialAction":[{"@type":"ReadAction","target":["https:\/\/asso-limagerie.fr\/index.php\/4-1-14-artistes-brian-cougar\/"]}]},{"@type":"ImageObject","inLanguage":"fr-FR","@id":"https:\/\/asso-limagerie.fr\/index.php\/4-1-14-artistes-brian-cougar\/#primaryimage","url":"https:\/\/asso-limagerie.fr\/wp-content\/uploads\/2025\/02\/portrait_brian-cougar_limagerie_argenteuil.jpg","contentUrl":"https:\/\/asso-limagerie.fr\/wp-content\/uploads\/2025\/02\/portrait_brian-cougar_limagerie_argenteuil.jpg","width":400,"height":517,"caption":"Screenshot"},{"@type":"BreadcrumbList","@id":"https:\/\/asso-limagerie.fr\/index.php\/4-1-14-artistes-brian-cougar\/#breadcrumb","itemListElement":[{"@type":"ListItem","position":1,"name":"Accueil","item":"https:\/\/asso-limagerie.fr\/"},{"@type":"ListItem","position":2,"name":"4.1.14 &#8211; Artistes &#8211; Brian Cougar"}]},{"@type":"WebSite","@id":"https:\/\/asso-limagerie.fr\/#website","url":"https:\/\/asso-limagerie.fr\/","name":"","description":"","potentialAction":[{"@type":"SearchAction","target":{"@type":"EntryPoint","urlTemplate":"https:\/\/asso-limagerie.fr\/?s={search_term_string}"},"query-input":{"@type":"PropertyValueSpecification","valueRequired":true,"valueName":"search_term_string"}}],"inLanguage":"fr-FR"}]}},"_links":{"self":[{"href":"https:\/\/asso-limagerie.fr\/index.php\/wp-json\/wp\/v2\/pages\/4674","targetHints":{"allow":["GET"]}}],"collection":[{"href":"https:\/\/asso-limagerie.fr\/index.php\/wp-json\/wp\/v2\/pages"}],"about":[{"href":"https:\/\/asso-limagerie.fr\/index.php\/wp-json\/wp\/v2\/types\/page"}],"author":[{"embeddable":true,"href":"https:\/\/asso-limagerie.fr\/index.php\/wp-json\/wp\/v2\/users\/1"}],"replies":[{"embeddable":true,"href":"https:\/\/asso-limagerie.fr\/index.php\/wp-json\/wp\/v2\/comments?post=4674"}],"version-history":[{"count":22,"href":"https:\/\/asso-limagerie.fr\/index.php\/wp-json\/wp\/v2\/pages\/4674\/revisions"}],"predecessor-version":[{"id":5621,"href":"https:\/\/asso-limagerie.fr\/index.php\/wp-json\/wp\/v2\/pages\/4674\/revisions\/5621"}],"wp:attachment":[{"href":"https:\/\/asso-limagerie.fr\/index.php\/wp-json\/wp\/v2\/media?parent=4674"}],"curies":[{"name":"wp","href":"https:\/\/api.w.org\/{rel}","templated":true}]}}