{"id":4676,"date":"2025-02-20T12:27:39","date_gmt":"2025-02-20T11:27:39","guid":{"rendered":"https:\/\/asso-limagerie.fr\/?page_id=4676"},"modified":"2025-02-27T13:00:17","modified_gmt":"2025-02-27T12:00:17","slug":"4-1-15-artistes-solene-leglise","status":"publish","type":"page","link":"https:\/\/asso-limagerie.fr\/index.php\/4-1-15-artistes-solene-leglise\/","title":{"rendered":"4.1.15 &#8211; Artistes &#8211; Sol\u00e8ne L\u00e9glise"},"content":{"rendered":"\t\t<div data-elementor-type=\"wp-page\" data-elementor-id=\"4676\" class=\"elementor elementor-4676\">\n\t\t\t\t\t\t<section class=\"elementor-section elementor-top-section elementor-element elementor-element-a06d932 elementor-section-boxed elementor-section-height-default elementor-section-height-default\" data-id=\"a06d932\" data-element_type=\"section\">\n\t\t\t\t\t\t<div class=\"elementor-container elementor-column-gap-default\">\n\t\t\t\t\t<div class=\"elementor-column elementor-col-100 elementor-top-column elementor-element elementor-element-65d54a1\" data-id=\"65d54a1\" data-element_type=\"column\">\n\t\t\t<div class=\"elementor-widget-wrap elementor-element-populated\">\n\t\t\t\t\t\t<div class=\"elementor-element elementor-element-942f54a elementor-widget elementor-widget-spacer\" data-id=\"942f54a\" data-element_type=\"widget\" data-widget_type=\"spacer.default\">\n\t\t\t\t<div class=\"elementor-widget-container\">\n\t\t\t\t\t\t\t<div class=\"elementor-spacer\">\n\t\t\t<div class=\"elementor-spacer-inner\"><\/div>\n\t\t<\/div>\n\t\t\t\t\t\t<\/div>\n\t\t\t\t<\/div>\n\t\t\t\t\t<\/div>\n\t\t<\/div>\n\t\t\t\t\t<\/div>\n\t\t<\/section>\n\t\t\t\t<section class=\"elementor-section elementor-top-section elementor-element elementor-element-4219e24 elementor-section-boxed elementor-section-height-default elementor-section-height-default\" data-id=\"4219e24\" data-element_type=\"section\" data-settings=\"{&quot;background_background&quot;:&quot;gradient&quot;}\">\n\t\t\t\t\t\t<div class=\"elementor-container elementor-column-gap-default\">\n\t\t\t\t\t<div class=\"elementor-column elementor-col-100 elementor-top-column elementor-element elementor-element-3ed3119\" data-id=\"3ed3119\" data-element_type=\"column\">\n\t\t\t<div class=\"elementor-widget-wrap elementor-element-populated\">\n\t\t\t\t\t\t<div class=\"elementor-element elementor-element-95602e5 elementor-widget elementor-widget-heading\" data-id=\"95602e5\" data-element_type=\"widget\" data-widget_type=\"heading.default\">\n\t\t\t\t<div class=\"elementor-widget-container\">\n\t\t\t\t\t<h2 class=\"elementor-heading-title elementor-size-default\">Sol\u00e8ne L\u00e9glise<\/h2>\t\t\t\t<\/div>\n\t\t\t\t<\/div>\n\t\t\t\t<div class=\"elementor-element elementor-element-ad23f7e elementor-widget-divider--view-line elementor-widget elementor-widget-divider\" data-id=\"ad23f7e\" data-element_type=\"widget\" data-widget_type=\"divider.default\">\n\t\t\t\t<div class=\"elementor-widget-container\">\n\t\t\t\t\t\t\t<div class=\"elementor-divider\">\n\t\t\t<span class=\"elementor-divider-separator\">\n\t\t\t\t\t\t<\/span>\n\t\t<\/div>\n\t\t\t\t\t\t<\/div>\n\t\t\t\t<\/div>\n\t\t\t\t<section class=\"elementor-section elementor-inner-section elementor-element elementor-element-b8a1895 elementor-section-boxed elementor-section-height-default elementor-section-height-default\" data-id=\"b8a1895\" data-element_type=\"section\">\n\t\t\t\t\t\t<div class=\"elementor-container elementor-column-gap-default\">\n\t\t\t\t\t<div class=\"elementor-column elementor-col-50 elementor-inner-column elementor-element elementor-element-bdb0501\" data-id=\"bdb0501\" data-element_type=\"column\">\n\t\t\t<div class=\"elementor-widget-wrap elementor-element-populated\">\n\t\t\t\t\t\t<div class=\"elementor-element elementor-element-f9c941a elementor-widget elementor-widget-image\" data-id=\"f9c941a\" data-element_type=\"widget\" data-widget_type=\"image.default\">\n\t\t\t\t<div class=\"elementor-widget-container\">\n\t\t\t\t\t\t\t\t\t\t\t\t\t\t\t<img fetchpriority=\"high\" decoding=\"async\" width=\"400\" height=\"517\" src=\"https:\/\/asso-limagerie.fr\/wp-content\/uploads\/2025\/02\/portrait_solene-leglise_limagerie_argenteuil.jpg\" class=\"attachment-large size-large wp-image-4730\" alt=\"\" srcset=\"https:\/\/asso-limagerie.fr\/wp-content\/uploads\/2025\/02\/portrait_solene-leglise_limagerie_argenteuil.jpg 400w, https:\/\/asso-limagerie.fr\/wp-content\/uploads\/2025\/02\/portrait_solene-leglise_limagerie_argenteuil-232x300.jpg 232w\" sizes=\"(max-width: 400px) 100vw, 400px\" \/>\t\t\t\t\t\t\t\t\t\t\t\t\t\t\t<\/div>\n\t\t\t\t<\/div>\n\t\t\t\t\t<\/div>\n\t\t<\/div>\n\t\t\t\t<div class=\"elementor-column elementor-col-50 elementor-inner-column elementor-element elementor-element-5320aa9\" data-id=\"5320aa9\" data-element_type=\"column\">\n\t\t\t<div class=\"elementor-widget-wrap elementor-element-populated\">\n\t\t\t\t\t\t<div class=\"elementor-element elementor-element-5b07d23 elementor-widget elementor-widget-text-editor\" data-id=\"5b07d23\" data-element_type=\"widget\" data-widget_type=\"text-editor.default\">\n\t\t\t\t<div class=\"elementor-widget-container\">\n\t\t\t\t\t\t\t\t\t<p>Dipl\u00f4m\u00e9e en 2002, Sol\u00e8ne L\u00e9glise a suivi une formation artistique \u00e0 l\u2019\u00c9cole Nationale Sup\u00e9rieure d\u2019Arts Appliqu\u00e9s et M\u00e9tiers d\u2019Art \u00e0 Paris. Form\u00e9e \u00e0 l\u2019art du d\u00e9cor architectural en mosa\u00efque et fresque, ainsi qu\u2019au design d\u2019espace, elle participe \u00e0 partir de 2005 \u00e0 des chantiers de restauration du patrimoine historique en France, comme le Petit Palais et la Galerie Vivienne. En 2007, s\u00e9lectionn\u00e9e pour une r\u00e9sidence aux Ateliers de Paris, Sol\u00e8ne L\u00e9glise se sp\u00e9cialise dans l\u2019art de la mosa\u00efque pour des int\u00e9rieurs d\u2019exception. D\u00e9sormais, elle collabore avec des architectes et des designers pour des r\u00e9alisations sur mesure et poursuit parall\u00e8lement \u00e0 ses commandes, un travail de recherche autour de la couleur, des nuances et de l\u2019assemblage avec une attention particuli\u00e8re port\u00e9e sur les espaces nomm\u00e9s interstices.<\/p>\t\t\t\t\t\t\t\t<\/div>\n\t\t\t\t<\/div>\n\t\t\t\t\t<\/div>\n\t\t<\/div>\n\t\t\t\t\t<\/div>\n\t\t<\/section>\n\t\t\t\t\t<\/div>\n\t\t<\/div>\n\t\t\t\t\t<\/div>\n\t\t<\/section>\n\t\t\t\t<section class=\"elementor-section elementor-top-section elementor-element elementor-element-ba66d59 elementor-section-boxed elementor-section-height-default elementor-section-height-default\" data-id=\"ba66d59\" data-element_type=\"section\">\n\t\t\t\t\t\t<div class=\"elementor-container elementor-column-gap-default\">\n\t\t\t\t\t<div class=\"elementor-column elementor-col-100 elementor-top-column elementor-element elementor-element-7af4908\" data-id=\"7af4908\" data-element_type=\"column\">\n\t\t\t<div class=\"elementor-widget-wrap\">\n\t\t\t\t\t\t\t<\/div>\n\t\t<\/div>\n\t\t\t\t\t<\/div>\n\t\t<\/section>\n\t\t\t\t<section class=\"elementor-section elementor-top-section elementor-element elementor-element-30ead98 elementor-section-boxed elementor-section-height-default elementor-section-height-default\" data-id=\"30ead98\" data-element_type=\"section\">\n\t\t\t\t\t\t<div class=\"elementor-container elementor-column-gap-default\">\n\t\t\t\t\t<div class=\"elementor-column elementor-col-33 elementor-top-column elementor-element elementor-element-fe6a487\" data-id=\"fe6a487\" data-element_type=\"column\">\n\t\t\t<div class=\"elementor-widget-wrap elementor-element-populated\">\n\t\t\t\t\t\t<div class=\"elementor-element elementor-element-47ddbdf elementor-widget elementor-widget-image\" data-id=\"47ddbdf\" data-element_type=\"widget\" data-widget_type=\"image.default\">\n\t\t\t\t<div class=\"elementor-widget-container\">\n\t\t\t\t\t\t\t\t\t\t\t\t\t\t\t<img decoding=\"async\" width=\"720\" height=\"510\" src=\"https:\/\/asso-limagerie.fr\/wp-content\/uploads\/2025\/02\/solene-leglise_limagerie.argenteuil-2.jpg\" class=\"attachment-large size-large wp-image-5124\" alt=\"\" srcset=\"https:\/\/asso-limagerie.fr\/wp-content\/uploads\/2025\/02\/solene-leglise_limagerie.argenteuil-2.jpg 720w, https:\/\/asso-limagerie.fr\/wp-content\/uploads\/2025\/02\/solene-leglise_limagerie.argenteuil-2-300x213.jpg 300w\" sizes=\"(max-width: 720px) 100vw, 720px\" \/>\t\t\t\t\t\t\t\t\t\t\t\t\t\t\t<\/div>\n\t\t\t\t<\/div>\n\t\t\t\t\t<\/div>\n\t\t<\/div>\n\t\t\t\t<div class=\"elementor-column elementor-col-33 elementor-top-column elementor-element elementor-element-5443cfa\" data-id=\"5443cfa\" data-element_type=\"column\">\n\t\t\t<div class=\"elementor-widget-wrap elementor-element-populated\">\n\t\t\t\t\t\t<div class=\"elementor-element elementor-element-c86a9f7 elementor-widget elementor-widget-image\" data-id=\"c86a9f7\" data-element_type=\"widget\" data-widget_type=\"image.default\">\n\t\t\t\t<div class=\"elementor-widget-container\">\n\t\t\t\t\t\t\t\t\t\t\t\t\t\t\t<img decoding=\"async\" width=\"720\" height=\"510\" src=\"https:\/\/asso-limagerie.fr\/wp-content\/uploads\/2025\/02\/solene-leglise_limagerie.argenteuil-1.jpg\" class=\"attachment-large size-large wp-image-5123\" alt=\"\" srcset=\"https:\/\/asso-limagerie.fr\/wp-content\/uploads\/2025\/02\/solene-leglise_limagerie.argenteuil-1.jpg 720w, https:\/\/asso-limagerie.fr\/wp-content\/uploads\/2025\/02\/solene-leglise_limagerie.argenteuil-1-300x213.jpg 300w\" sizes=\"(max-width: 720px) 100vw, 720px\" \/>\t\t\t\t\t\t\t\t\t\t\t\t\t\t\t<\/div>\n\t\t\t\t<\/div>\n\t\t\t\t\t<\/div>\n\t\t<\/div>\n\t\t\t\t<div class=\"elementor-column elementor-col-33 elementor-top-column elementor-element elementor-element-8a6db8a\" data-id=\"8a6db8a\" data-element_type=\"column\">\n\t\t\t<div class=\"elementor-widget-wrap elementor-element-populated\">\n\t\t\t\t\t\t<div class=\"elementor-element elementor-element-2553951 elementor-widget elementor-widget-image\" data-id=\"2553951\" data-element_type=\"widget\" data-widget_type=\"image.default\">\n\t\t\t\t<div class=\"elementor-widget-container\">\n\t\t\t\t\t\t\t\t\t\t\t\t\t\t\t<img loading=\"lazy\" decoding=\"async\" width=\"720\" height=\"510\" src=\"https:\/\/asso-limagerie.fr\/wp-content\/uploads\/2025\/02\/solene-leglise_limagerie.argenteuil-3.jpg\" class=\"attachment-large size-large wp-image-5125\" alt=\"\" srcset=\"https:\/\/asso-limagerie.fr\/wp-content\/uploads\/2025\/02\/solene-leglise_limagerie.argenteuil-3.jpg 720w, https:\/\/asso-limagerie.fr\/wp-content\/uploads\/2025\/02\/solene-leglise_limagerie.argenteuil-3-300x213.jpg 300w\" sizes=\"(max-width: 720px) 100vw, 720px\" \/>\t\t\t\t\t\t\t\t\t\t\t\t\t\t\t<\/div>\n\t\t\t\t<\/div>\n\t\t\t\t\t<\/div>\n\t\t<\/div>\n\t\t\t\t\t<\/div>\n\t\t<\/section>\n\t\t\t\t<section class=\"elementor-section elementor-top-section elementor-element elementor-element-6b5f652 elementor-section-boxed elementor-section-height-default elementor-section-height-default\" data-id=\"6b5f652\" data-element_type=\"section\">\n\t\t\t\t\t\t<div class=\"elementor-container elementor-column-gap-default\">\n\t\t\t\t\t<div class=\"elementor-column elementor-col-100 elementor-top-column elementor-element elementor-element-e15ca41\" data-id=\"e15ca41\" data-element_type=\"column\">\n\t\t\t<div class=\"elementor-widget-wrap elementor-element-populated\">\n\t\t\t\t\t\t<div class=\"elementor-element elementor-element-3a7cd76 elementor-widget elementor-widget-video\" data-id=\"3a7cd76\" data-element_type=\"widget\" data-settings=\"{&quot;youtube_url&quot;:&quot;https:\\\/\\\/youtu.be\\\/tqoqQEQf9fk?si=3rkQrmK6VmZv94lB&quot;,&quot;video_type&quot;:&quot;youtube&quot;,&quot;controls&quot;:&quot;yes&quot;}\" data-widget_type=\"video.default\">\n\t\t\t\t<div class=\"elementor-widget-container\">\n\t\t\t\t\t\t\t<div class=\"elementor-wrapper elementor-open-inline\">\n\t\t\t<div class=\"elementor-video\"><\/div>\t\t<\/div>\n\t\t\t\t\t\t<\/div>\n\t\t\t\t<\/div>\n\t\t\t\t<div class=\"elementor-element elementor-element-b20101f elementor-widget elementor-widget-spacer\" data-id=\"b20101f\" data-element_type=\"widget\" data-widget_type=\"spacer.default\">\n\t\t\t\t<div class=\"elementor-widget-container\">\n\t\t\t\t\t\t\t<div class=\"elementor-spacer\">\n\t\t\t<div class=\"elementor-spacer-inner\"><\/div>\n\t\t<\/div>\n\t\t\t\t\t\t<\/div>\n\t\t\t\t<\/div>\n\t\t\t\t\t<\/div>\n\t\t<\/div>\n\t\t\t\t\t<\/div>\n\t\t<\/section>\n\t\t\t\t<section class=\"elementor-section elementor-top-section elementor-element elementor-element-ecfcbba elementor-section-boxed elementor-section-height-default elementor-section-height-default\" data-id=\"ecfcbba\" data-element_type=\"section\">\n\t\t\t\t\t\t<div class=\"elementor-container elementor-column-gap-default\">\n\t\t\t\t\t<div class=\"elementor-column elementor-col-100 elementor-top-column elementor-element elementor-element-7b626c6\" data-id=\"7b626c6\" data-element_type=\"column\">\n\t\t\t<div class=\"elementor-widget-wrap elementor-element-populated\">\n\t\t\t\t\t\t<div class=\"elementor-element elementor-element-86e2422 elementor-widget elementor-widget-spacer\" data-id=\"86e2422\" data-element_type=\"widget\" data-widget_type=\"spacer.default\">\n\t\t\t\t<div class=\"elementor-widget-container\">\n\t\t\t\t\t\t\t<div class=\"elementor-spacer\">\n\t\t\t<div class=\"elementor-spacer-inner\"><\/div>\n\t\t<\/div>\n\t\t\t\t\t\t<\/div>\n\t\t\t\t<\/div>\n\t\t\t\t\t<\/div>\n\t\t<\/div>\n\t\t\t\t\t<\/div>\n\t\t<\/section>\n\t\t\t\t<\/div>\n\t\t","protected":false},"excerpt":{"rendered":"<p>Sol\u00e8ne L\u00e9glise Dipl\u00f4m\u00e9e en 2002, Sol\u00e8ne L\u00e9glise a suivi une formation artistique \u00e0 l\u2019\u00c9cole Nationale Sup\u00e9rieure d\u2019Arts Appliqu\u00e9s et M\u00e9tiers d\u2019Art \u00e0 Paris. Form\u00e9e \u00e0 l\u2019art du d\u00e9cor architectural en mosa\u00efque et fresque, ainsi qu\u2019au design d\u2019espace, elle participe \u00e0 partir de 2005 \u00e0 des chantiers de restauration du patrimoine historique en France, comme le [&hellip;]<\/p>\n","protected":false},"author":1,"featured_media":0,"parent":0,"menu_order":0,"comment_status":"closed","ping_status":"closed","template":"","meta":{"site-sidebar-layout":"no-sidebar","site-content-layout":"page-builder","ast-site-content-layout":"full-width-container","site-content-style":"default","site-sidebar-style":"default","ast-global-header-display":"","ast-banner-title-visibility":"","ast-main-header-display":"","ast-hfb-above-header-display":"","ast-hfb-below-header-display":"","ast-hfb-mobile-header-display":"","site-post-title":"disabled","ast-breadcrumbs-content":"","ast-featured-img":"disabled","footer-sml-layout":"","theme-transparent-header-meta":"","adv-header-id-meta":"","stick-header-meta":"","header-above-stick-meta":"","header-main-stick-meta":"","header-below-stick-meta":"","astra-migrate-meta-layouts":"set","ast-page-background-enabled":"default","ast-page-background-meta":{"desktop":{"background-color":"var(--ast-global-color-4)","background-image":"","background-repeat":"repeat","background-position":"center center","background-size":"auto","background-attachment":"scroll","background-type":"","background-media":"","overlay-type":"","overlay-color":"","overlay-opacity":"","overlay-gradient":""},"tablet":{"background-color":"","background-image":"","background-repeat":"repeat","background-position":"center center","background-size":"auto","background-attachment":"scroll","background-type":"","background-media":"","overlay-type":"","overlay-color":"","overlay-opacity":"","overlay-gradient":""},"mobile":{"background-color":"","background-image":"","background-repeat":"repeat","background-position":"center center","background-size":"auto","background-attachment":"scroll","background-type":"","background-media":"","overlay-type":"","overlay-color":"","overlay-opacity":"","overlay-gradient":""}},"ast-content-background-meta":{"desktop":{"background-color":"var(--ast-global-color-5)","background-image":"","background-repeat":"repeat","background-position":"center center","background-size":"auto","background-attachment":"scroll","background-type":"","background-media":"","overlay-type":"","overlay-color":"","overlay-opacity":"","overlay-gradient":""},"tablet":{"background-color":"var(--ast-global-color-5)","background-image":"","background-repeat":"repeat","background-position":"center center","background-size":"auto","background-attachment":"scroll","background-type":"","background-media":"","overlay-type":"","overlay-color":"","overlay-opacity":"","overlay-gradient":""},"mobile":{"background-color":"var(--ast-global-color-5)","background-image":"","background-repeat":"repeat","background-position":"center center","background-size":"auto","background-attachment":"scroll","background-type":"","background-media":"","overlay-type":"","overlay-color":"","overlay-opacity":"","overlay-gradient":""}},"footnotes":""},"class_list":["post-4676","page","type-page","status-publish","hentry"],"yoast_head":"<!-- This site is optimized with the Yoast SEO plugin v26.6 - https:\/\/yoast.com\/wordpress\/plugins\/seo\/ -->\n<title>4.1.15 - Artistes - Sol\u00e8ne L\u00e9glise -<\/title>\n<meta name=\"robots\" content=\"index, follow, max-snippet:-1, max-image-preview:large, max-video-preview:-1\" \/>\n<link rel=\"canonical\" href=\"https:\/\/asso-limagerie.fr\/index.php\/4-1-15-artistes-solene-leglise\/\" \/>\n<meta property=\"og:locale\" content=\"fr_FR\" \/>\n<meta property=\"og:type\" content=\"article\" \/>\n<meta property=\"og:title\" content=\"4.1.15 - Artistes - Sol\u00e8ne L\u00e9glise -\" \/>\n<meta property=\"og:description\" content=\"Sol\u00e8ne L\u00e9glise Dipl\u00f4m\u00e9e en 2002, Sol\u00e8ne L\u00e9glise a suivi une formation artistique \u00e0 l\u2019\u00c9cole Nationale Sup\u00e9rieure d\u2019Arts Appliqu\u00e9s et M\u00e9tiers d\u2019Art \u00e0 Paris. Form\u00e9e \u00e0 l\u2019art du d\u00e9cor architectural en mosa\u00efque et fresque, ainsi qu\u2019au design d\u2019espace, elle participe \u00e0 partir de 2005 \u00e0 des chantiers de restauration du patrimoine historique en France, comme le [&hellip;]\" \/>\n<meta property=\"og:url\" content=\"https:\/\/asso-limagerie.fr\/index.php\/4-1-15-artistes-solene-leglise\/\" \/>\n<meta property=\"article:modified_time\" content=\"2025-02-27T12:00:17+00:00\" \/>\n<meta property=\"og:image\" content=\"https:\/\/asso-limagerie.fr\/wp-content\/uploads\/2025\/02\/portrait_solene-leglise_limagerie_argenteuil.jpg\" \/>\n<meta name=\"twitter:card\" content=\"summary_large_image\" \/>\n<meta name=\"twitter:label1\" content=\"Dur\u00e9e de lecture estim\u00e9e\" \/>\n\t<meta name=\"twitter:data1\" content=\"2 minutes\" \/>\n<script type=\"application\/ld+json\" class=\"yoast-schema-graph\">{\"@context\":\"https:\/\/schema.org\",\"@graph\":[{\"@type\":\"WebPage\",\"@id\":\"https:\/\/asso-limagerie.fr\/index.php\/4-1-15-artistes-solene-leglise\/\",\"url\":\"https:\/\/asso-limagerie.fr\/index.php\/4-1-15-artistes-solene-leglise\/\",\"name\":\"4.1.15 - Artistes - Sol\u00e8ne L\u00e9glise -\",\"isPartOf\":{\"@id\":\"https:\/\/asso-limagerie.fr\/#website\"},\"primaryImageOfPage\":{\"@id\":\"https:\/\/asso-limagerie.fr\/index.php\/4-1-15-artistes-solene-leglise\/#primaryimage\"},\"image\":{\"@id\":\"https:\/\/asso-limagerie.fr\/index.php\/4-1-15-artistes-solene-leglise\/#primaryimage\"},\"thumbnailUrl\":\"https:\/\/asso-limagerie.fr\/wp-content\/uploads\/2025\/02\/portrait_solene-leglise_limagerie_argenteuil.jpg\",\"datePublished\":\"2025-02-20T11:27:39+00:00\",\"dateModified\":\"2025-02-27T12:00:17+00:00\",\"breadcrumb\":{\"@id\":\"https:\/\/asso-limagerie.fr\/index.php\/4-1-15-artistes-solene-leglise\/#breadcrumb\"},\"inLanguage\":\"fr-FR\",\"potentialAction\":[{\"@type\":\"ReadAction\",\"target\":[\"https:\/\/asso-limagerie.fr\/index.php\/4-1-15-artistes-solene-leglise\/\"]}]},{\"@type\":\"ImageObject\",\"inLanguage\":\"fr-FR\",\"@id\":\"https:\/\/asso-limagerie.fr\/index.php\/4-1-15-artistes-solene-leglise\/#primaryimage\",\"url\":\"https:\/\/asso-limagerie.fr\/wp-content\/uploads\/2025\/02\/portrait_solene-leglise_limagerie_argenteuil.jpg\",\"contentUrl\":\"https:\/\/asso-limagerie.fr\/wp-content\/uploads\/2025\/02\/portrait_solene-leglise_limagerie_argenteuil.jpg\",\"width\":400,\"height\":517,\"caption\":\"Screenshot\"},{\"@type\":\"BreadcrumbList\",\"@id\":\"https:\/\/asso-limagerie.fr\/index.php\/4-1-15-artistes-solene-leglise\/#breadcrumb\",\"itemListElement\":[{\"@type\":\"ListItem\",\"position\":1,\"name\":\"Accueil\",\"item\":\"https:\/\/asso-limagerie.fr\/\"},{\"@type\":\"ListItem\",\"position\":2,\"name\":\"4.1.15 &#8211; Artistes &#8211; Sol\u00e8ne L\u00e9glise\"}]},{\"@type\":\"WebSite\",\"@id\":\"https:\/\/asso-limagerie.fr\/#website\",\"url\":\"https:\/\/asso-limagerie.fr\/\",\"name\":\"\",\"description\":\"\",\"potentialAction\":[{\"@type\":\"SearchAction\",\"target\":{\"@type\":\"EntryPoint\",\"urlTemplate\":\"https:\/\/asso-limagerie.fr\/?s={search_term_string}\"},\"query-input\":{\"@type\":\"PropertyValueSpecification\",\"valueRequired\":true,\"valueName\":\"search_term_string\"}}],\"inLanguage\":\"fr-FR\"}]}<\/script>\n<!-- \/ Yoast SEO plugin. -->","yoast_head_json":{"title":"4.1.15 - Artistes - Sol\u00e8ne L\u00e9glise -","robots":{"index":"index","follow":"follow","max-snippet":"max-snippet:-1","max-image-preview":"max-image-preview:large","max-video-preview":"max-video-preview:-1"},"canonical":"https:\/\/asso-limagerie.fr\/index.php\/4-1-15-artistes-solene-leglise\/","og_locale":"fr_FR","og_type":"article","og_title":"4.1.15 - Artistes - Sol\u00e8ne L\u00e9glise -","og_description":"Sol\u00e8ne L\u00e9glise Dipl\u00f4m\u00e9e en 2002, Sol\u00e8ne L\u00e9glise a suivi une formation artistique \u00e0 l\u2019\u00c9cole Nationale Sup\u00e9rieure d\u2019Arts Appliqu\u00e9s et M\u00e9tiers d\u2019Art \u00e0 Paris. Form\u00e9e \u00e0 l\u2019art du d\u00e9cor architectural en mosa\u00efque et fresque, ainsi qu\u2019au design d\u2019espace, elle participe \u00e0 partir de 2005 \u00e0 des chantiers de restauration du patrimoine historique en France, comme le [&hellip;]","og_url":"https:\/\/asso-limagerie.fr\/index.php\/4-1-15-artistes-solene-leglise\/","article_modified_time":"2025-02-27T12:00:17+00:00","og_image":[{"url":"https:\/\/asso-limagerie.fr\/wp-content\/uploads\/2025\/02\/portrait_solene-leglise_limagerie_argenteuil.jpg","type":"","width":"","height":""}],"twitter_card":"summary_large_image","twitter_misc":{"Dur\u00e9e de lecture estim\u00e9e":"2 minutes"},"schema":{"@context":"https:\/\/schema.org","@graph":[{"@type":"WebPage","@id":"https:\/\/asso-limagerie.fr\/index.php\/4-1-15-artistes-solene-leglise\/","url":"https:\/\/asso-limagerie.fr\/index.php\/4-1-15-artistes-solene-leglise\/","name":"4.1.15 - Artistes - Sol\u00e8ne L\u00e9glise -","isPartOf":{"@id":"https:\/\/asso-limagerie.fr\/#website"},"primaryImageOfPage":{"@id":"https:\/\/asso-limagerie.fr\/index.php\/4-1-15-artistes-solene-leglise\/#primaryimage"},"image":{"@id":"https:\/\/asso-limagerie.fr\/index.php\/4-1-15-artistes-solene-leglise\/#primaryimage"},"thumbnailUrl":"https:\/\/asso-limagerie.fr\/wp-content\/uploads\/2025\/02\/portrait_solene-leglise_limagerie_argenteuil.jpg","datePublished":"2025-02-20T11:27:39+00:00","dateModified":"2025-02-27T12:00:17+00:00","breadcrumb":{"@id":"https:\/\/asso-limagerie.fr\/index.php\/4-1-15-artistes-solene-leglise\/#breadcrumb"},"inLanguage":"fr-FR","potentialAction":[{"@type":"ReadAction","target":["https:\/\/asso-limagerie.fr\/index.php\/4-1-15-artistes-solene-leglise\/"]}]},{"@type":"ImageObject","inLanguage":"fr-FR","@id":"https:\/\/asso-limagerie.fr\/index.php\/4-1-15-artistes-solene-leglise\/#primaryimage","url":"https:\/\/asso-limagerie.fr\/wp-content\/uploads\/2025\/02\/portrait_solene-leglise_limagerie_argenteuil.jpg","contentUrl":"https:\/\/asso-limagerie.fr\/wp-content\/uploads\/2025\/02\/portrait_solene-leglise_limagerie_argenteuil.jpg","width":400,"height":517,"caption":"Screenshot"},{"@type":"BreadcrumbList","@id":"https:\/\/asso-limagerie.fr\/index.php\/4-1-15-artistes-solene-leglise\/#breadcrumb","itemListElement":[{"@type":"ListItem","position":1,"name":"Accueil","item":"https:\/\/asso-limagerie.fr\/"},{"@type":"ListItem","position":2,"name":"4.1.15 &#8211; Artistes &#8211; Sol\u00e8ne L\u00e9glise"}]},{"@type":"WebSite","@id":"https:\/\/asso-limagerie.fr\/#website","url":"https:\/\/asso-limagerie.fr\/","name":"","description":"","potentialAction":[{"@type":"SearchAction","target":{"@type":"EntryPoint","urlTemplate":"https:\/\/asso-limagerie.fr\/?s={search_term_string}"},"query-input":{"@type":"PropertyValueSpecification","valueRequired":true,"valueName":"search_term_string"}}],"inLanguage":"fr-FR"}]}},"_links":{"self":[{"href":"https:\/\/asso-limagerie.fr\/index.php\/wp-json\/wp\/v2\/pages\/4676","targetHints":{"allow":["GET"]}}],"collection":[{"href":"https:\/\/asso-limagerie.fr\/index.php\/wp-json\/wp\/v2\/pages"}],"about":[{"href":"https:\/\/asso-limagerie.fr\/index.php\/wp-json\/wp\/v2\/types\/page"}],"author":[{"embeddable":true,"href":"https:\/\/asso-limagerie.fr\/index.php\/wp-json\/wp\/v2\/users\/1"}],"replies":[{"embeddable":true,"href":"https:\/\/asso-limagerie.fr\/index.php\/wp-json\/wp\/v2\/comments?post=4676"}],"version-history":[{"count":23,"href":"https:\/\/asso-limagerie.fr\/index.php\/wp-json\/wp\/v2\/pages\/4676\/revisions"}],"predecessor-version":[{"id":5624,"href":"https:\/\/asso-limagerie.fr\/index.php\/wp-json\/wp\/v2\/pages\/4676\/revisions\/5624"}],"wp:attachment":[{"href":"https:\/\/asso-limagerie.fr\/index.php\/wp-json\/wp\/v2\/media?parent=4676"}],"curies":[{"name":"wp","href":"https:\/\/api.w.org\/{rel}","templated":true}]}}